{"id":56,"date":"2025-10-22T11:13:30","date_gmt":"2025-10-22T11:13:30","guid":{"rendered":"https:\/\/mthuel-aromatherapie.fr\/?page_id=56"},"modified":"2025-12-28T09:29:55","modified_gmt":"2025-12-28T09:29:55","slug":"mentions-legales","status":"publish","type":"page","link":"http:\/\/mthuel-aromatherapie.fr\/index.php\/mentions-legales\/","title":{"rendered":"Mentions l\u00e9gales"},"content":{"rendered":"<h2 style=\"text-align: center;\" data-start=\"289\" data-end=\"310\"><span style=\"color: #800080;\">\u00c9diteur du site<\/span><\/h2>\n<p style=\"text-align: center;\" data-start=\"311\" data-end=\"736\"><strong>Le pr\u00e9sent site est \u00e9dit\u00e9 par : Marie Thuel &#8211; Aromath\u00e9rapie holistique<\/strong><br data-start=\"422\" data-end=\"425\" \/>Adresse professionnelle : 68 rue de Wailly &#8211; 63000 Clermont-Ferrand<br data-start=\"481\" data-end=\"484\" \/>T\u00e9l\u00e9phone : 07 62 19 55 87<br data-start=\"521\" data-end=\"524\" \/>Adresse e-mail : mthuel.aroma@gmail.com<br data-start=\"572\" data-end=\"575\" \/>SIRET : 98978701500019<br data-start=\"601\" data-end=\"604\" \/>Statut juridique : Auto-entrepreneur<br data-start=\"684\" data-end=\"687\" \/>Responsable de la publication : Marie Thuel<br \/>\nCr\u00e9ation du site : Nadine Soret<\/p>\n<h2 style=\"text-align: center;\" data-start=\"738\" data-end=\"763\"><span style=\"color: #800080;\">H\u00e9bergement du site<\/span><\/h2>\n<p style=\"text-align: center;\" data-start=\"764\" data-end=\"952\"><strong>Le site est h\u00e9berg\u00e9 par : OVH<\/strong><br data-start=\"816\" data-end=\"819\" \/>Adresse : 2 rue Kellermann &#8211; 59100 Roubaix &#8211; France<br data-start=\"866\" data-end=\"869\" \/>Site web : ovh.com<br data-start=\"904\" data-end=\"907\" \/>T\u00e9l\u00e9phone : 08 99 70 17 61<\/p>\n<h2 style=\"text-align: center;\" data-start=\"954\" data-end=\"984\"><span style=\"color: #800080;\">Propri\u00e9t\u00e9 intellectuelle<\/span><\/h2>\n<p style=\"text-align: center;\" data-start=\"985\" data-end=\"1330\">L\u2019ensemble des \u00e9l\u00e9ments du site (textes, images, graphismes, logo, vid\u00e9os, ic\u00f4nes, structure, etc.) est la propri\u00e9t\u00e9 exclusive de Marie Thuel &#8211; aromath\u00e9rapie holistique, sauf mention contraire.<br data-start=\"1170\" data-end=\"1173\" \/>Toute reproduction, repr\u00e9sentation, modification, publication, adaptation, totale ou partielle, est strictement interdite sans autorisation \u00e9crite pr\u00e9alable.<\/p>\n<h2 style=\"text-align: center;\" data-start=\"1332\" data-end=\"1352\"><span style=\"color: #800080;\">Responsabilit\u00e9<\/span><\/h2>\n<p style=\"text-align: center;\" data-start=\"1353\" data-end=\"1747\">Les informations pr\u00e9sent\u00e9es sur ce site sont fournies \u00e0 titre informatif.\u00a0L&rsquo;information communiqu\u00e9e sur ce site a uniquement pour but de fournir des renseignements d&rsquo;ordre g\u00e9n\u00e9ral et n&rsquo;a pas de valeur contractuelle. L&rsquo;utilisation des informations contenues dans ce site est de la seule responsabilit\u00e9 de l&rsquo;utilisateur. L\u2019\u00e9ditrice du site ne saurait \u00eatre tenue responsable des cons\u00e9quences directes ou indirectes li\u00e9es \u00e0 l\u2019utilisation des informations ou produits pr\u00e9sent\u00e9s.<\/p>\n<p style=\"text-align: center;\" data-start=\"1353\" data-end=\"1747\"><strong>L\u2019aromath\u00e9rapie est une pratique de bien-\u00eatre compl\u00e9mentaire et ne se substitue en aucun cas \u00e0 un traitement m\u00e9dical ou \u00e0 l\u2019avis d\u2019un professionnel de sant\u00e9.<\/strong><\/p>\n<p style=\"text-align: center;\">Marie Thuel &#8211; aromath\u00e9rapie holistique s&rsquo;efforce d&rsquo;assurer la fiabilit\u00e9, l&rsquo;exactitude et la mise \u00e0 jour des informations fournies sur le site mais ne garantit pas toutefois que l&rsquo;information communiqu\u00e9e sur le site sera \u00e0 tout moment exhaustive et \u00e0 jour.<\/p>\n<p style=\"text-align: center;\">Marie Thuel &#8211; aromath\u00e9rapie holistique d\u00e9cline toute responsabilit\u00e9 pour toute survenance de bogues ou dommages r\u00e9sultant d&rsquo;une intrusion frauduleuse d&rsquo;un tiers ayant entra\u00een\u00e9 une modification des informations mises \u00e0 la disposition sur le site et, plus g\u00e9n\u00e9ralement, pour tout dommage, direct ou indirect, quelles qu&rsquo;en soient les causes, origines, natures ou cons\u00e9quences, provoqu\u00e9 \u00e0 raison de l&rsquo;acc\u00e8s de quiconque au site ou de l&rsquo;impossibilit\u00e9 d&rsquo;y acc\u00e9der.<\/p>\n<h2 style=\"text-align: center;\" data-start=\"1749\" data-end=\"1790\"><span style=\"color: #800080;\">Protection des donn\u00e9es personnelles<\/span><\/h2>\n<p style=\"text-align: center;\" data-start=\"1791\" data-end=\"2071\"><strong data-start=\"2073\" data-end=\"2104\">Responsable du traitement : Marie Thuel<\/strong><br \/>\nConform\u00e9ment au R\u00e8glement G\u00e9n\u00e9ral sur la Protection des Donn\u00e9es (RGPD) et \u00e0 la loi Informatique et Libert\u00e9s, les donn\u00e9es collect\u00e9es via le formulaire de contact ou la prise de rendez-vous sont strictement confidentielles.<br data-start=\"2020\" data-end=\"2023\" \/>Elles ne sont en aucun cas c\u00e9d\u00e9es \u00e0 des tiers.<br \/>\nVous pouvez exercer vos droits d\u2019acc\u00e8s, de rectification et de suppression en adressant un e-mail \u00e0 : mthuel.aroma@gmail.com.<\/p>\n<h2 style=\"text-align: center;\" data-start=\"2287\" data-end=\"2300\"><span style=\"color: #800080;\">Indisponibilit\u00e9 du site<\/span><\/h2>\n<p>Marie Thuel &#8211; aromath\u00e9rapie holistique s&rsquo;efforce de maintenir accessible le site, sans pour autant \u00eatre tenue \u00e0 une obligation d&rsquo;y parvenir. Elle ne pourra \u00eatre tenue responsable en cas d&rsquo;indisponibilit\u00e9 du site, pour quelque raison que ce soit.<\/p>\n<h2 style=\"text-align: center;\" data-start=\"2287\" data-end=\"2300\"><span style=\"color: #800080;\">Cookies<\/span><\/h2>\n<p style=\"text-align: center;\" data-start=\"2301\" data-end=\"2503\">Le site peut \u00eatre amen\u00e9 \u00e0 utiliser des cookies \u00e0 des fins de mesure d\u2019audience ou d\u2019am\u00e9lioration de l\u2019exp\u00e9rience utilisateur.<br data-start=\"2426\" data-end=\"2429\" \/>Vous pouvez \u00e0 tout moment param\u00e9trer vos pr\u00e9f\u00e9rences via votre navigateur.<\/p>\n<h2 style=\"text-align: center;\" data-start=\"2505\" data-end=\"2527\"><span style=\"color: #800080;\">Droit applicable<\/span><\/h2>\n<p style=\"text-align: center;\" data-start=\"2528\" data-end=\"2689\">Les pr\u00e9sentes mentions l\u00e9gales sont soumises au droit fran\u00e7ais.<br data-start=\"2591\" data-end=\"2594\" \/>En cas de litige, et \u00e0 d\u00e9faut d\u2019accord amiable, les tribunaux fran\u00e7ais seront seuls comp\u00e9tents.<\/p>\n","protected":false},"excerpt":{"rendered":"<p>\u00c9diteur du site Le pr\u00e9sent site est \u00e9dit\u00e9 par : Marie Thuel &#8211; Aromath\u00e9rapie holistiqueAdresse professionnelle : 68 rue de Wailly &#8211; 63000 Clermont-FerrandT\u00e9l\u00e9phone : 07 62 19 55 87Adresse e-mail : mthuel.aroma@gmail.comSIRET : 98978701500019Statut juridique : Auto-entrepreneurResponsable de la publication : Marie Thuel Cr\u00e9ation du site : Nadine Soret H\u00e9bergement du site Le site est h\u00e9berg\u00e9 par : OVHAdresse : 2 rue Kellermann &#8211; 59100 Roubaix &#8211; FranceSite web : ovh.comT\u00e9l\u00e9phone : 08 99 70 17 61 Propri\u00e9t\u00e9 intellectuelle L\u2019ensemble des \u00e9l\u00e9ments du site (textes, images, graphismes, logo, vid\u00e9os, ic\u00f4nes, structure, etc.) est la propri\u00e9t\u00e9 exclusive de Marie Thuel &#8211; aromath\u00e9rapie holistique, sauf mention contraire.Toute reproduction, repr\u00e9sentation, modification, publication, adaptation, totale ou partielle, est strictement interdite sans autorisation \u00e9crite pr\u00e9alable. Responsabilit\u00e9 Les informations pr\u00e9sent\u00e9es sur ce site sont fournies \u00e0 titre informatif.\u00a0L&rsquo;information communiqu\u00e9e sur ce site a uniquement pour but de fournir des renseignements d&rsquo;ordre g\u00e9n\u00e9ral et n&rsquo;a pas de valeur contractuelle. L&rsquo;utilisation des informations contenues dans ce site est de la seule responsabilit\u00e9 de l&rsquo;utilisateur. L\u2019\u00e9ditrice du site ne saurait \u00eatre tenue responsable des cons\u00e9quences directes ou indirectes li\u00e9es \u00e0 l\u2019utilisation des informations ou produits pr\u00e9sent\u00e9s. L\u2019aromath\u00e9rapie est une pratique de bien-\u00eatre compl\u00e9mentaire et ne se substitue en aucun cas \u00e0 un traitement m\u00e9dical ou \u00e0 l\u2019avis d\u2019un professionnel de sant\u00e9. Marie Thuel &#8211; aromath\u00e9rapie holistique s&rsquo;efforce d&rsquo;assurer la fiabilit\u00e9, l&rsquo;exactitude et la mise \u00e0 jour des informations fournies sur le site mais ne garantit pas toutefois que l&rsquo;information communiqu\u00e9e sur le site sera \u00e0 tout moment exhaustive et \u00e0 jour. Marie Thuel &#8211; aromath\u00e9rapie holistique d\u00e9cline toute responsabilit\u00e9 pour toute survenance de bogues ou dommages r\u00e9sultant d&rsquo;une intrusion frauduleuse d&rsquo;un tiers ayant entra\u00een\u00e9 une modification des informations mises \u00e0 la disposition sur le site et, plus g\u00e9n\u00e9ralement, pour tout dommage, direct ou indirect, quelles qu&rsquo;en soient les causes, origines, natures ou cons\u00e9quences, provoqu\u00e9 \u00e0 raison de l&rsquo;acc\u00e8s de quiconque au site ou de l&rsquo;impossibilit\u00e9 d&rsquo;y acc\u00e9der. Protection des donn\u00e9es personnelles Responsable du traitement : Marie Thuel Conform\u00e9ment au R\u00e8glement G\u00e9n\u00e9ral sur la Protection des Donn\u00e9es (RGPD) et \u00e0 la loi Informatique et Libert\u00e9s, les donn\u00e9es collect\u00e9es via le formulaire de contact ou la prise de rendez-vous sont strictement confidentielles.Elles ne sont en aucun cas c\u00e9d\u00e9es \u00e0 des tiers. Vous pouvez exercer vos droits d\u2019acc\u00e8s, de rectification et de suppression en adressant un e-mail \u00e0 : mthuel.aroma@gmail.com. Indisponibilit\u00e9 du site Marie Thuel &#8211; aromath\u00e9rapie holistique s&rsquo;efforce de maintenir accessible le site, sans pour autant \u00eatre tenue \u00e0 une obligation d&rsquo;y parvenir. Elle ne pourra \u00eatre tenue responsable en cas d&rsquo;indisponibilit\u00e9 du site, pour quelque raison que ce soit. Cookies Le site peut \u00eatre amen\u00e9 \u00e0 utiliser des cookies \u00e0 des fins de mesure d\u2019audience ou d\u2019am\u00e9lioration de l\u2019exp\u00e9rience utilisateur.Vous pouvez \u00e0 tout moment param\u00e9trer vos pr\u00e9f\u00e9rences via votre navigateur. Droit applicable Les pr\u00e9sentes mentions l\u00e9gales sont soumises au droit fran\u00e7ais.En cas de litige, et \u00e0 d\u00e9faut d\u2019accord amiable, les tribunaux fran\u00e7ais seront seuls comp\u00e9tents.<\/p>\n","protected":false},"author":1,"featured_media":0,"parent":0,"menu_order":0,"comment_status":"closed","ping_status":"closed","template":"","meta":{"footnotes":""},"class_list":["post-56","page","type-page","status-publish","hentry"],"yoast_head":"<!-- This site is optimized with the Yoast SEO plugin v27.1.1 - https:\/\/yoast.com\/product\/yoast-seo-wordpress\/ -->\n<title>Mentions l\u00e9gales - Marie Thuel, aromath\u00e9rapie holistique<\/title>\n<meta name=\"description\" content=\"Aromath\u00e9rapeute certifi\u00e9e \u00e0 Clermont-Ferrand, sp\u00e9cialis\u00e9e en accompagnement naturel par les huiles essentielles et le bien-\u00eatre global.\" \/>\n<meta name=\"robots\" content=\"index, follow, max-snippet:-1, max-image-preview:large, max-video-preview:-1\" \/>\n<link rel=\"canonical\" href=\"http:\/\/mthuel-aromatherapie.fr\/index.php\/mentions-legales\/\" \/>\n<meta property=\"og:locale\" content=\"fr_FR\" \/>\n<meta property=\"og:type\" content=\"article\" \/>\n<meta property=\"og:title\" content=\"Mentions l\u00e9gales - Marie Thuel, aromath\u00e9rapie holistique\" \/>\n<meta property=\"og:description\" content=\"Aromath\u00e9rapeute certifi\u00e9e \u00e0 Clermont-Ferrand, sp\u00e9cialis\u00e9e en accompagnement naturel par les huiles essentielles et le bien-\u00eatre global.\" \/>\n<meta property=\"og:url\" content=\"http:\/\/mthuel-aromatherapie.fr\/index.php\/mentions-legales\/\" \/>\n<meta property=\"og:site_name\" content=\"Marie Thuel, aromath\u00e9rapie holistique\" \/>\n<meta property=\"article:modified_time\" content=\"2025-12-28T09:29:55+00:00\" \/>\n<meta name=\"twitter:card\" content=\"summary_large_image\" \/>\n<meta name=\"twitter:label1\" content=\"Dur\u00e9e de lecture estim\u00e9e\" \/>\n\t<meta name=\"twitter:data1\" content=\"3 minutes\" \/>\n<script type=\"application\/ld+json\" class=\"yoast-schema-graph\">{\"@context\":\"https:\/\/schema.org\",\"@graph\":[{\"@type\":\"WebPage\",\"@id\":\"http:\/\/mthuel-aromatherapie.fr\/index.php\/mentions-legales\/\",\"url\":\"http:\/\/mthuel-aromatherapie.fr\/index.php\/mentions-legales\/\",\"name\":\"Mentions l\u00e9gales - Marie Thuel, aromath\u00e9rapie holistique\",\"isPartOf\":{\"@id\":\"http:\/\/mthuel-aromatherapie.fr\/#website\"},\"datePublished\":\"2025-10-22T11:13:30+00:00\",\"dateModified\":\"2025-12-28T09:29:55+00:00\",\"description\":\"Aromath\u00e9rapeute certifi\u00e9e \u00e0 Clermont-Ferrand, sp\u00e9cialis\u00e9e en accompagnement naturel par les huiles essentielles et le bien-\u00eatre global.\",\"breadcrumb\":{\"@id\":\"http:\/\/mthuel-aromatherapie.fr\/index.php\/mentions-legales\/#breadcrumb\"},\"inLanguage\":\"fr-FR\",\"potentialAction\":[{\"@type\":\"ReadAction\",\"target\":[\"http:\/\/mthuel-aromatherapie.fr\/index.php\/mentions-legales\/\"]}]},{\"@type\":\"BreadcrumbList\",\"@id\":\"http:\/\/mthuel-aromatherapie.fr\/index.php\/mentions-legales\/#breadcrumb\",\"itemListElement\":[{\"@type\":\"ListItem\",\"position\":1,\"name\":\"Accueil\",\"item\":\"http:\/\/mthuel-aromatherapie.fr\/\"},{\"@type\":\"ListItem\",\"position\":2,\"name\":\"Mentions l\u00e9gales\"}]},{\"@type\":\"WebSite\",\"@id\":\"http:\/\/mthuel-aromatherapie.fr\/#website\",\"url\":\"http:\/\/mthuel-aromatherapie.fr\/\",\"name\":\"Marie Thuel, aromath\u00e9rapie holistique\",\"description\":\"L&#039;\u00e9coute du corps, de l&#039;\u00e2me et du vivant.\",\"potentialAction\":[{\"@type\":\"SearchAction\",\"target\":{\"@type\":\"EntryPoint\",\"urlTemplate\":\"http:\/\/mthuel-aromatherapie.fr\/?s={search_term_string}\"},\"query-input\":{\"@type\":\"PropertyValueSpecification\",\"valueRequired\":true,\"valueName\":\"search_term_string\"}}],\"inLanguage\":\"fr-FR\"}]}<\/script>\n<!-- \/ Yoast SEO plugin. -->","yoast_head_json":{"title":"Mentions l\u00e9gales - Marie Thuel, aromath\u00e9rapie holistique","description":"Aromath\u00e9rapeute certifi\u00e9e \u00e0 Clermont-Ferrand, sp\u00e9cialis\u00e9e en accompagnement naturel par les huiles essentielles et le bien-\u00eatre global.","robots":{"index":"index","follow":"follow","max-snippet":"max-snippet:-1","max-image-preview":"max-image-preview:large","max-video-preview":"max-video-preview:-1"},"canonical":"http:\/\/mthuel-aromatherapie.fr\/index.php\/mentions-legales\/","og_locale":"fr_FR","og_type":"article","og_title":"Mentions l\u00e9gales - Marie Thuel, aromath\u00e9rapie holistique","og_description":"Aromath\u00e9rapeute certifi\u00e9e \u00e0 Clermont-Ferrand, sp\u00e9cialis\u00e9e en accompagnement naturel par les huiles essentielles et le bien-\u00eatre global.","og_url":"http:\/\/mthuel-aromatherapie.fr\/index.php\/mentions-legales\/","og_site_name":"Marie Thuel, aromath\u00e9rapie holistique","article_modified_time":"2025-12-28T09:29:55+00:00","twitter_card":"summary_large_image","twitter_misc":{"Dur\u00e9e de lecture estim\u00e9e":"3 minutes"},"schema":{"@context":"https:\/\/schema.org","@graph":[{"@type":"WebPage","@id":"http:\/\/mthuel-aromatherapie.fr\/index.php\/mentions-legales\/","url":"http:\/\/mthuel-aromatherapie.fr\/index.php\/mentions-legales\/","name":"Mentions l\u00e9gales - Marie Thuel, aromath\u00e9rapie holistique","isPartOf":{"@id":"http:\/\/mthuel-aromatherapie.fr\/#website"},"datePublished":"2025-10-22T11:13:30+00:00","dateModified":"2025-12-28T09:29:55+00:00","description":"Aromath\u00e9rapeute certifi\u00e9e \u00e0 Clermont-Ferrand, sp\u00e9cialis\u00e9e en accompagnement naturel par les huiles essentielles et le bien-\u00eatre global.","breadcrumb":{"@id":"http:\/\/mthuel-aromatherapie.fr\/index.php\/mentions-legales\/#breadcrumb"},"inLanguage":"fr-FR","potentialAction":[{"@type":"ReadAction","target":["http:\/\/mthuel-aromatherapie.fr\/index.php\/mentions-legales\/"]}]},{"@type":"BreadcrumbList","@id":"http:\/\/mthuel-aromatherapie.fr\/index.php\/mentions-legales\/#breadcrumb","itemListElement":[{"@type":"ListItem","position":1,"name":"Accueil","item":"http:\/\/mthuel-aromatherapie.fr\/"},{"@type":"ListItem","position":2,"name":"Mentions l\u00e9gales"}]},{"@type":"WebSite","@id":"http:\/\/mthuel-aromatherapie.fr\/#website","url":"http:\/\/mthuel-aromatherapie.fr\/","name":"Marie Thuel, aromath\u00e9rapie holistique","description":"L&#039;\u00e9coute du corps, de l&#039;\u00e2me et du vivant.","potentialAction":[{"@type":"SearchAction","target":{"@type":"EntryPoint","urlTemplate":"http:\/\/mthuel-aromatherapie.fr\/?s={search_term_string}"},"query-input":{"@type":"PropertyValueSpecification","valueRequired":true,"valueName":"search_term_string"}}],"inLanguage":"fr-FR"}]}},"_links":{"self":[{"href":"http:\/\/mthuel-aromatherapie.fr\/index.php\/wp-json\/wp\/v2\/pages\/56","targetHints":{"allow":["GET"]}}],"collection":[{"href":"http:\/\/mthuel-aromatherapie.fr\/index.php\/wp-json\/wp\/v2\/pages"}],"about":[{"href":"http:\/\/mthuel-aromatherapie.fr\/index.php\/wp-json\/wp\/v2\/types\/page"}],"author":[{"embeddable":true,"href":"http:\/\/mthuel-aromatherapie.fr\/index.php\/wp-json\/wp\/v2\/users\/1"}],"replies":[{"embeddable":true,"href":"http:\/\/mthuel-aromatherapie.fr\/index.php\/wp-json\/wp\/v2\/comments?post=56"}],"version-history":[{"count":7,"href":"http:\/\/mthuel-aromatherapie.fr\/index.php\/wp-json\/wp\/v2\/pages\/56\/revisions"}],"predecessor-version":[{"id":832,"href":"http:\/\/mthuel-aromatherapie.fr\/index.php\/wp-json\/wp\/v2\/pages\/56\/revisions\/832"}],"wp:attachment":[{"href":"http:\/\/mthuel-aromatherapie.fr\/index.php\/wp-json\/wp\/v2\/media?parent=56"}],"curies":[{"name":"wp","href":"https:\/\/api.w.org\/{rel}","templated":true}]}}