{"id":711,"date":"2025-11-03T12:07:54","date_gmt":"2025-11-03T12:07:54","guid":{"rendered":"http:\/\/mthuel-aromatherapie.fr\/?page_id=711"},"modified":"2026-01-14T19:21:43","modified_gmt":"2026-01-14T19:21:43","slug":"consultation-individuelle","status":"publish","type":"page","link":"http:\/\/mthuel-aromatherapie.fr\/index.php\/consultation-individuelle\/","title":{"rendered":"Consultation individuelle"},"content":{"rendered":"\n<h4 class=\"wp-block-heading\"><strong>Vous \u00eates unique, votre parcours l\u2019est aussi.<\/strong><\/h4>\n\n\n\n<p>C\u2019est pourquoi je vous propose des prestations individuelles enti\u00e8rement personnalis\u00e9es \u00e0 l\u2019aide d\u2019huiles essentielles ou d\u2019hydrolats selon vos besoins physiques, psychologiques ou \u00e9nerg\u00e9tiques et \u00e0 votre rythme.&nbsp; De m\u00eame, cette s\u00e9ance peut vous permettre de devenir autonome quand votre probl\u00e9matique est susceptible de se pr\u00e9senter \u00e0 nouveau.<\/p>\n\n\n\n<p>Une rencontre avec soi, guid\u00e9e par les plantes&nbsp;: L\u2019aromath\u00e9rapie est une alliance subtile entre la sagesse v\u00e9g\u00e9tale et votre propre lumi\u00e8re.<\/p>\n\n\n\n<p>Chaque consultation est un moment d\u2019\u00e9change, de recentrage et de co-construction. Elle s\u2019articule autour d\u2019un \u00e9change bienveillant sur vos habitudes de vies, votre \u00e9tat g\u00e9n\u00e9ral, vos ant\u00e9c\u00e9dents m\u00e9dicaux ou familiaux, vos \u00e9motions, vos attentes\u2026<\/p>\n\n\n\n<h4 class=\"wp-block-heading\"><strong>Je vous prends en compte dans votre int\u00e9gralit\u00e9 afin d\u2019\u00e9tablir une analyse et un conseil personnalis\u00e9&nbsp;:<\/strong><\/h4>\n\n\n\n<ul class=\"wp-block-list\">\n<li>S\u00e9lection d\u2019huiles essentielles ou d\u2019hydrolats en fonction de votre profil et de vos besoins (stress, sommeil, digestion, peau, immunit\u00e9, etc.).<\/li>\n\n\n\n<li>Proposition de synergies adapt\u00e9es : diffusion atmosph\u00e9rique, voie cutan\u00e9e, voie olfactive, bain aromatique, voie orale\u2026<\/li>\n\n\n\n<li>Conseils d\u2019utilisation clairs, dosages pr\u00e9cis, pr\u00e9cautions \u00e0 respecter.<\/li>\n<\/ul>\n\n\n\n<p><em>Vous repartez avec une fiche personnalis\u00e9e d\u00e9taillant les huiles recommand\u00e9es, les modes d\u2019utilisation et les conseils pratiques. Possibilit\u00e9 de commander les synergies pr\u00eates \u00e0 l\u2019emploi si vous le souhaitez.<\/em><\/p>\n\n\n\n<h4 class=\"wp-block-heading\"><strong>Pour quels besoins&nbsp;?<\/strong><\/h4>\n\n\n\n<ul class=\"wp-block-list\">\n<li>Fatigue, stress, anxi\u00e9t\u00e9, troubles du sommeil<\/li>\n\n\n\n<li>Douleurs articulaires, musculaires, tendineuses<\/li>\n\n\n\n<li>Affections cutan\u00e9es (acn\u00e9, rosac\u00e9e, ecz\u00e9ma, psoriasis\u2026)<\/li>\n\n\n\n<li>Affections digestives ou hormonales<\/li>\n\n\n\n<li>Renforcement de l\u2019immunit\u00e9, allergie saisonni\u00e8re<\/li>\n\n\n\n<li>Accompagnement des pathologies chroniques en compl\u00e9ment d\u2019un traitement m\u00e9dical<\/li>\n\n\n\n<li>Aide au sevrage tabagique<\/li>\n\n\n\n<li>D\u00e9marche de mieux-\u00eatre global<\/li>\n<\/ul>\n\n\n\n<h4 class=\"wp-block-heading\"><strong>Pour qui&nbsp;?<\/strong><\/h4>\n\n\n\n<ul class=\"wp-block-list\">\n<li>Adultes<\/li>\n\n\n\n<li>Personnes \u00e2g\u00e9es<\/li>\n\n\n\n<li>Enfants, b\u00e9b\u00e9<\/li>\n\n\n\n<li>Femmes enceintes<\/li>\n<\/ul>\n\n\n\n<h4 class=\"wp-block-heading\"><strong>Modalit\u00e9s&nbsp;:<\/strong><\/h4>\n\n\n\n<ul class=\"wp-block-list\">\n<li>S\u00e9ances en pr\u00e9sentiel* ou en visio<\/li>\n\n\n\n<li>Dur\u00e9e 1h ou 1h30 si besoin suppl\u00e9mentaire<\/li>\n\n\n\n<li>Fr\u00e9quence \u00e0 d\u00e9finir ensemble, \u00e0 votre rythme<\/li>\n<\/ul>\n\n\n\n<h4 class=\"wp-block-heading\">*<strong>Lieux :<\/strong><\/h4>\n\n\n\n<ul class=\"wp-block-list\">\n<li><strong>Cabinet priv\u00e9 \u00e0 Beaumont<\/strong> (3 km de Clermont-Ferrand)<\/li>\n\n\n\n<li><strong>Espace Vitalvie \u00e0 Aubi\u00e8re<\/strong> (6 km de Clermont-Ferrand)<\/li>\n\n\n\n<li><strong>Espace Vitalvie \u00e0 Fontgi\u00e8ve<\/strong> (centre ville de Clermont-Ferrand)<\/li>\n<\/ul>\n\n\n\n<h4 class=\"wp-block-heading\"><strong>Tarifs :<\/strong><\/h4>\n\n\n\n<ul class=\"wp-block-list\">\n<li>S\u00e9ance 1h : 60 euros <\/li>\n\n\n\n<li>S\u00e9ance 1h30 : 90 euros<\/li>\n\n\n\n<li>Suivi 30 min : 30 euros<\/li>\n\n\n\n<li>Suivi 60 min : 60 euros<\/li>\n<\/ul>\n\n\n\n<p><em>\u00ab&nbsp;Chaque plante \u00e0 une histoire \u00e0 raconter si vous prenez le temps d\u2019\u00e9couter&nbsp;\u00bb George Washington Carver<\/em><\/p>\n\n\n\n<p>AVERTISSEMENT&nbsp;: Mon accompagnement ne se subsitue pas \u00e0 un diagnostic ou \u00e0 un traitement m\u00e9dical. C\u2019est un outil qui compl\u00e8te la d\u00e9marche clinique classique. Veillez \u00e0 consulter aussi un m\u00e9decin, un psychologue ou un psychiatre.<\/p>\n\n\n\n<p><\/p>\n\n\n\n<p><\/p>\n\n\n\n<p><\/p>\n","protected":false},"excerpt":{"rendered":"<p>Vous \u00eates unique, votre parcours l\u2019est aussi. C\u2019est pourquoi je vous propose des prestations individuelles enti\u00e8rement personnalis\u00e9es \u00e0 l\u2019aide d\u2019huiles essentielles ou d\u2019hydrolats selon vos besoins physiques, psychologiques ou \u00e9nerg\u00e9tiques et \u00e0 votre rythme.&nbsp; De m\u00eame, cette s\u00e9ance peut vous permettre de devenir autonome quand votre probl\u00e9matique est susceptible de se pr\u00e9senter \u00e0 nouveau. Une rencontre avec soi, guid\u00e9e par les plantes&nbsp;: L\u2019aromath\u00e9rapie est une alliance subtile entre la sagesse v\u00e9g\u00e9tale et votre propre lumi\u00e8re. Chaque consultation est un moment d\u2019\u00e9change, de recentrage et de co-construction. Elle s\u2019articule autour d\u2019un \u00e9change bienveillant sur vos habitudes de vies, votre \u00e9tat g\u00e9n\u00e9ral, vos ant\u00e9c\u00e9dents m\u00e9dicaux ou familiaux, vos \u00e9motions, vos attentes\u2026 Je vous prends en compte dans votre int\u00e9gralit\u00e9 afin d\u2019\u00e9tablir une analyse et un conseil personnalis\u00e9&nbsp;: Vous repartez avec une fiche personnalis\u00e9e d\u00e9taillant les huiles recommand\u00e9es, les modes d\u2019utilisation et les conseils pratiques. Possibilit\u00e9 de commander les synergies pr\u00eates \u00e0 l\u2019emploi si vous le souhaitez. Pour quels besoins&nbsp;? Pour qui&nbsp;? Modalit\u00e9s&nbsp;: *Lieux : Tarifs : \u00ab&nbsp;Chaque plante \u00e0 une histoire \u00e0 raconter si vous prenez le temps d\u2019\u00e9couter&nbsp;\u00bb George Washington Carver AVERTISSEMENT&nbsp;: Mon accompagnement ne se subsitue pas \u00e0 un diagnostic ou \u00e0 un traitement m\u00e9dical. C\u2019est un outil qui compl\u00e8te la d\u00e9marche clinique classique. Veillez \u00e0 consulter aussi un m\u00e9decin, un psychologue ou un psychiatre.<\/p>\n","protected":false},"author":1,"featured_media":0,"parent":0,"menu_order":0,"comment_status":"closed","ping_status":"closed","template":"","meta":{"footnotes":""},"class_list":["post-711","page","type-page","status-publish","hentry"],"yoast_head":"<!-- This site is optimized with the Yoast SEO plugin v27.1.1 - https:\/\/yoast.com\/product\/yoast-seo-wordpress\/ -->\n<title>Consultation individuelle - Marie Thuel, aromath\u00e9rapie holistique<\/title>\n<meta name=\"description\" content=\"Aromath\u00e9rapeute ind\u00e9pendante \u00e0 Clermont-Ferrand, je vous accompagne avec des huiles essentielles pour votre bien-\u00eatre et un suivi personnalis\u00e9 lors de consultations individuelles.\" \/>\n<meta name=\"robots\" content=\"index, follow, max-snippet:-1, max-image-preview:large, max-video-preview:-1\" \/>\n<link rel=\"canonical\" href=\"https:\/\/mthuel-aromatherapie.fr\/index.php\/consultation-individuelle\/\" \/>\n<meta property=\"og:locale\" content=\"fr_FR\" \/>\n<meta property=\"og:type\" content=\"article\" \/>\n<meta property=\"og:title\" content=\"Consultation individuelle - Marie Thuel, aromath\u00e9rapie holistique\" \/>\n<meta property=\"og:description\" content=\"Aromath\u00e9rapeute ind\u00e9pendante \u00e0 Clermont-Ferrand, je vous accompagne avec des huiles essentielles pour votre bien-\u00eatre et un suivi personnalis\u00e9 lors de consultations individuelles.\" \/>\n<meta property=\"og:url\" content=\"https:\/\/mthuel-aromatherapie.fr\/index.php\/consultation-individuelle\/\" \/>\n<meta property=\"og:site_name\" content=\"Marie Thuel, aromath\u00e9rapie holistique\" \/>\n<meta property=\"article:modified_time\" content=\"2026-01-14T19:21:43+00:00\" \/>\n<meta name=\"twitter:card\" content=\"summary_large_image\" \/>\n<meta name=\"twitter:label1\" content=\"Dur\u00e9e de lecture estim\u00e9e\" \/>\n\t<meta name=\"twitter:data1\" content=\"2 minutes\" \/>\n<script type=\"application\/ld+json\" class=\"yoast-schema-graph\">{\"@context\":\"https:\/\/schema.org\",\"@graph\":[{\"@type\":\"WebPage\",\"@id\":\"https:\/\/mthuel-aromatherapie.fr\/index.php\/consultation-individuelle\/\",\"url\":\"https:\/\/mthuel-aromatherapie.fr\/index.php\/consultation-individuelle\/\",\"name\":\"Consultation individuelle - Marie Thuel, aromath\u00e9rapie holistique\",\"isPartOf\":{\"@id\":\"http:\/\/mthuel-aromatherapie.fr\/#website\"},\"datePublished\":\"2025-11-03T12:07:54+00:00\",\"dateModified\":\"2026-01-14T19:21:43+00:00\",\"description\":\"Aromath\u00e9rapeute ind\u00e9pendante \u00e0 Clermont-Ferrand, je vous accompagne avec des huiles essentielles pour votre bien-\u00eatre et un suivi personnalis\u00e9 lors de consultations individuelles.\",\"breadcrumb\":{\"@id\":\"https:\/\/mthuel-aromatherapie.fr\/index.php\/consultation-individuelle\/#breadcrumb\"},\"inLanguage\":\"fr-FR\",\"potentialAction\":[{\"@type\":\"ReadAction\",\"target\":[\"https:\/\/mthuel-aromatherapie.fr\/index.php\/consultation-individuelle\/\"]}]},{\"@type\":\"BreadcrumbList\",\"@id\":\"https:\/\/mthuel-aromatherapie.fr\/index.php\/consultation-individuelle\/#breadcrumb\",\"itemListElement\":[{\"@type\":\"ListItem\",\"position\":1,\"name\":\"Accueil\",\"item\":\"http:\/\/mthuel-aromatherapie.fr\/\"},{\"@type\":\"ListItem\",\"position\":2,\"name\":\"Consultation individuelle\"}]},{\"@type\":\"WebSite\",\"@id\":\"http:\/\/mthuel-aromatherapie.fr\/#website\",\"url\":\"http:\/\/mthuel-aromatherapie.fr\/\",\"name\":\"Marie Thuel, aromath\u00e9rapie holistique\",\"description\":\"L&#039;\u00e9coute du corps, de l&#039;\u00e2me et du vivant.\",\"potentialAction\":[{\"@type\":\"SearchAction\",\"target\":{\"@type\":\"EntryPoint\",\"urlTemplate\":\"http:\/\/mthuel-aromatherapie.fr\/?s={search_term_string}\"},\"query-input\":{\"@type\":\"PropertyValueSpecification\",\"valueRequired\":true,\"valueName\":\"search_term_string\"}}],\"inLanguage\":\"fr-FR\"}]}<\/script>\n<!-- \/ Yoast SEO plugin. -->","yoast_head_json":{"title":"Consultation individuelle - Marie Thuel, aromath\u00e9rapie holistique","description":"Aromath\u00e9rapeute ind\u00e9pendante \u00e0 Clermont-Ferrand, je vous accompagne avec des huiles essentielles pour votre bien-\u00eatre et un suivi personnalis\u00e9 lors de consultations individuelles.","robots":{"index":"index","follow":"follow","max-snippet":"max-snippet:-1","max-image-preview":"max-image-preview:large","max-video-preview":"max-video-preview:-1"},"canonical":"https:\/\/mthuel-aromatherapie.fr\/index.php\/consultation-individuelle\/","og_locale":"fr_FR","og_type":"article","og_title":"Consultation individuelle - Marie Thuel, aromath\u00e9rapie holistique","og_description":"Aromath\u00e9rapeute ind\u00e9pendante \u00e0 Clermont-Ferrand, je vous accompagne avec des huiles essentielles pour votre bien-\u00eatre et un suivi personnalis\u00e9 lors de consultations individuelles.","og_url":"https:\/\/mthuel-aromatherapie.fr\/index.php\/consultation-individuelle\/","og_site_name":"Marie Thuel, aromath\u00e9rapie holistique","article_modified_time":"2026-01-14T19:21:43+00:00","twitter_card":"summary_large_image","twitter_misc":{"Dur\u00e9e de lecture estim\u00e9e":"2 minutes"},"schema":{"@context":"https:\/\/schema.org","@graph":[{"@type":"WebPage","@id":"https:\/\/mthuel-aromatherapie.fr\/index.php\/consultation-individuelle\/","url":"https:\/\/mthuel-aromatherapie.fr\/index.php\/consultation-individuelle\/","name":"Consultation individuelle - Marie Thuel, aromath\u00e9rapie holistique","isPartOf":{"@id":"http:\/\/mthuel-aromatherapie.fr\/#website"},"datePublished":"2025-11-03T12:07:54+00:00","dateModified":"2026-01-14T19:21:43+00:00","description":"Aromath\u00e9rapeute ind\u00e9pendante \u00e0 Clermont-Ferrand, je vous accompagne avec des huiles essentielles pour votre bien-\u00eatre et un suivi personnalis\u00e9 lors de consultations individuelles.","breadcrumb":{"@id":"https:\/\/mthuel-aromatherapie.fr\/index.php\/consultation-individuelle\/#breadcrumb"},"inLanguage":"fr-FR","potentialAction":[{"@type":"ReadAction","target":["https:\/\/mthuel-aromatherapie.fr\/index.php\/consultation-individuelle\/"]}]},{"@type":"BreadcrumbList","@id":"https:\/\/mthuel-aromatherapie.fr\/index.php\/consultation-individuelle\/#breadcrumb","itemListElement":[{"@type":"ListItem","position":1,"name":"Accueil","item":"http:\/\/mthuel-aromatherapie.fr\/"},{"@type":"ListItem","position":2,"name":"Consultation individuelle"}]},{"@type":"WebSite","@id":"http:\/\/mthuel-aromatherapie.fr\/#website","url":"http:\/\/mthuel-aromatherapie.fr\/","name":"Marie Thuel, aromath\u00e9rapie holistique","description":"L&#039;\u00e9coute du corps, de l&#039;\u00e2me et du vivant.","potentialAction":[{"@type":"SearchAction","target":{"@type":"EntryPoint","urlTemplate":"http:\/\/mthuel-aromatherapie.fr\/?s={search_term_string}"},"query-input":{"@type":"PropertyValueSpecification","valueRequired":true,"valueName":"search_term_string"}}],"inLanguage":"fr-FR"}]}},"_links":{"self":[{"href":"http:\/\/mthuel-aromatherapie.fr\/index.php\/wp-json\/wp\/v2\/pages\/711","targetHints":{"allow":["GET"]}}],"collection":[{"href":"http:\/\/mthuel-aromatherapie.fr\/index.php\/wp-json\/wp\/v2\/pages"}],"about":[{"href":"http:\/\/mthuel-aromatherapie.fr\/index.php\/wp-json\/wp\/v2\/types\/page"}],"author":[{"embeddable":true,"href":"http:\/\/mthuel-aromatherapie.fr\/index.php\/wp-json\/wp\/v2\/users\/1"}],"replies":[{"embeddable":true,"href":"http:\/\/mthuel-aromatherapie.fr\/index.php\/wp-json\/wp\/v2\/comments?post=711"}],"version-history":[{"count":25,"href":"http:\/\/mthuel-aromatherapie.fr\/index.php\/wp-json\/wp\/v2\/pages\/711\/revisions"}],"predecessor-version":[{"id":894,"href":"http:\/\/mthuel-aromatherapie.fr\/index.php\/wp-json\/wp\/v2\/pages\/711\/revisions\/894"}],"wp:attachment":[{"href":"http:\/\/mthuel-aromatherapie.fr\/index.php\/wp-json\/wp\/v2\/media?parent=711"}],"curies":[{"name":"wp","href":"https:\/\/api.w.org\/{rel}","templated":true}]}}