{"id":819,"date":"2025-11-03T14:50:41","date_gmt":"2025-11-03T14:50:41","guid":{"rendered":"http:\/\/mthuel-aromatherapie.fr\/?page_id=819"},"modified":"2025-12-28T09:27:26","modified_gmt":"2025-12-28T09:27:26","slug":"carte-cadeau","status":"publish","type":"page","link":"http:\/\/mthuel-aromatherapie.fr\/index.php\/carte-cadeau\/","title":{"rendered":"Carte cadeau aromath\u00e9rapie"},"content":{"rendered":"\n<div class=\"wp-block-media-text is-stacked-on-mobile is-vertically-aligned-center is-image-fill-element\" style=\"margin-top:10px;margin-right:10px;margin-bottom:10px;margin-left:10px;grid-template-columns:40% auto\"><figure class=\"wp-block-media-text__media\"><img loading=\"lazy\" decoding=\"async\" width=\"795\" height=\"500\" src=\"http:\/\/mthuel-aromatherapie.fr\/wp-content\/uploads\/cadeau.webp\" alt=\"\" class=\"wp-image-836 size-full\" style=\"object-position:50% 50%\" srcset=\"http:\/\/mthuel-aromatherapie.fr\/wp-content\/uploads\/cadeau.webp 795w, http:\/\/mthuel-aromatherapie.fr\/wp-content\/uploads\/cadeau-300x189.webp 300w, http:\/\/mthuel-aromatherapie.fr\/wp-content\/uploads\/cadeau-768x483.webp 768w\" sizes=\"auto, (max-width: 795px) 100vw, 795px\" \/><\/figure><div class=\"wp-block-media-text__content\">\n<p style=\"margin-top:10px;margin-bottom:10px\"><strong>Modalit\u00e9s<\/strong><br>1. Remplissez et envoyez le formulaire ci-dessous pour personnaliser votre bon cadeau.<br>2.&nbsp;\u00c0 r\u00e9ception de l&rsquo;e-mail de confirmation, r\u00e9glez votre bon cadeau par virement.<br>3.&nbsp;\u00c0 r\u00e9ception du virement, je vous envoie votre bon cadeau par e-mail.<\/p>\n<\/div><\/div>\n\n\n\n<style id=\"wpforms-css-vars-821\">\n\t\t\t\t#wpforms-821 {\n\t\t\t\t--wpforms-field-border-radius: 0px;\n--wpforms-field-border-color: #cccccc;\n--wpforms-field-border-color-spare: #cccccc;\n--wpforms-field-text-color: #444444;\n--wpforms-label-color: #262626;\n--wpforms-label-sublabel-color: #7f7f7f;\n--wpforms-label-error-color: #ff0000;\n--wpforms-button-border-style: solid;\n--wpforms-button-border-radius: 0px;\n--wpforms-button-background-color: #dddddd;\n--wpforms-button-border-color: #cccccc;\n--wpforms-button-text-color: #666666;\n--wpforms-container-padding: 0px;\n--wpforms-container-border-width: 1px;\n--wpforms-container-border-radius: 3px;\n--wpforms-background-color: rgba(0, 0, 0, 0);\n--wpforms-page-break-color: #dddddd;\n--wpforms-field-size-input-height: 43px;\n--wpforms-field-size-input-spacing: 15px;\n--wpforms-field-size-font-size: 16px;\n--wpforms-field-size-line-height: 19px;\n--wpforms-field-size-padding-h: 14px;\n--wpforms-field-size-checkbox-size: 16px;\n--wpforms-field-size-sublabel-spacing: 5px;\n--wpforms-field-size-icon-size: 1;\n--wpforms-label-size-font-size: 14px;\n--wpforms-label-size-line-height: 17px;\n--wpforms-label-size-sublabel-font-size: 13px;\n--wpforms-label-size-sublabel-line-height: 16px;\n--wpforms-button-size-font-size: 17px;\n--wpforms-button-size-height: 41px;\n--wpforms-button-size-padding-h: 15px;\n--wpforms-button-size-margin-top: 10px;\n--wpforms-container-shadow-size-box-shadow: none;\n\t\t\t}\n\t\t\t<\/style><div class=\"wpforms-container wpforms-container-full wpforms-render-modern\" id=\"wpforms-821\"><form id=\"wpforms-form-821\" class=\"wpforms-validate wpforms-form wpforms-ajax-form\" data-formid=\"821\" method=\"post\" enctype=\"multipart\/form-data\" action=\"\/index.php\/wp-json\/wp\/v2\/pages\/819\" data-token=\"966f8226a9f6aad1dd38e0c48ea09647\" data-token-time=\"1775573194\"><noscript class=\"wpforms-error-noscript\">Veuillez activer JavaScript dans votre navigateur pour remplir ce formulaire.<\/noscript><div id=\"wpforms-error-noscript\" style=\"display: none;\">Veuillez activer JavaScript dans votre navigateur pour remplir ce formulaire.<\/div><div class=\"wpforms-field-container\"><div id=\"wpforms-821-field_1-container\" class=\"wpforms-field wpforms-field-name\" data-field-id=\"1\"><fieldset><legend class=\"wpforms-field-label\">Votre Nom <span class=\"wpforms-required-label\" aria-hidden=\"true\">*<\/span><\/legend><div class=\"wpforms-field-row wpforms-field-large\"><div class=\"wpforms-field-row-block wpforms-first wpforms-one-half\"><input type=\"text\" id=\"wpforms-821-field_1\" class=\"wpforms-field-name-first wpforms-field-required\" name=\"wpforms[fields][1][first]\" aria-errormessage=\"wpforms-821-field_1-error\" required><label for=\"wpforms-821-field_1\" class=\"wpforms-field-sublabel after\">Pr\u00e9nom<\/label><\/div><div class=\"wpforms-field-row-block wpforms-one-half\"><input type=\"text\" id=\"wpforms-821-field_1-last\" class=\"wpforms-field-name-last wpforms-field-required\" name=\"wpforms[fields][1][last]\" aria-errormessage=\"wpforms-821-field_1-last-error\" required><label for=\"wpforms-821-field_1-last\" class=\"wpforms-field-sublabel after\">Nom<\/label><\/div><\/div><\/fieldset><\/div>\t\t<div id=\"wpforms-821-field_4-container\"\n\t\t\tclass=\"wpforms-field wpforms-field-text\"\n\t\t\tdata-field-type=\"text\"\n\t\t\tdata-field-id=\"4\"\n\t\t\t>\n\t\t\t<label class=\"wpforms-field-label\" for=\"wpforms-821-field_4\" >Vous Votre montant<\/label>\n\t\t\t<input type=\"text\" id=\"wpforms-821-field_4\" class=\"wpforms-field-medium\" name=\"wpforms[fields][4]\" >\n\t\t<\/div>\n\t\t<div id=\"wpforms-821-field_2-container\" class=\"wpforms-field wpforms-field-email\" data-field-id=\"2\"><label class=\"wpforms-field-label\" for=\"wpforms-821-field_2\">Votre E-mail <span class=\"wpforms-required-label\" aria-hidden=\"true\">*<\/span><\/label><input type=\"email\" id=\"wpforms-821-field_2\" class=\"wpforms-field-large wpforms-field-required\" name=\"wpforms[fields][2]\" spellcheck=\"false\" aria-errormessage=\"wpforms-821-field_2-error\" required><\/div><div id=\"wpforms-821-field_5-container\" class=\"wpforms-field wpforms-field-text\" data-field-id=\"5\"><label class=\"wpforms-field-label\" for=\"wpforms-821-field_5\">Votre t\u00e9l\u00e9phone <span class=\"wpforms-required-label\" aria-hidden=\"true\">*<\/span><\/label><input type=\"text\" id=\"wpforms-821-field_5\" class=\"wpforms-field-small wpforms-field-required\" name=\"wpforms[fields][5]\" aria-errormessage=\"wpforms-821-field_5-error\" required><\/div><div id=\"wpforms-821-field_10-container\" class=\"wpforms-field wpforms-field-text\" data-field-id=\"10\"><label class=\"wpforms-field-label\" for=\"wpforms-821-field_10\">Pour... <span class=\"wpforms-required-label\" aria-hidden=\"true\">*<\/span><\/label><input type=\"text\" id=\"wpforms-821-field_10\" class=\"wpforms-field-large wpforms-field-required\" name=\"wpforms[fields][10]\" aria-errormessage=\"wpforms-821-field_10-error\" aria-describedby=\"wpforms-821-field_10-description\" required><div id=\"wpforms-821-field_10-description\" class=\"wpforms-field-description\">Saisissez le nom de la personne \u00e0 qui vous offrez cette carte cadeau.<\/div><\/div><div id=\"wpforms-821-field_7-container\" class=\"wpforms-field wpforms-field-text\" data-field-id=\"7\"><label class=\"wpforms-field-label\" for=\"wpforms-821-field_7\">De la part de... <span class=\"wpforms-required-label\" aria-hidden=\"true\">*<\/span><\/label><input type=\"text\" id=\"wpforms-821-field_7\" class=\"wpforms-field-large wpforms-field-required\" name=\"wpforms[fields][7]\" aria-errormessage=\"wpforms-821-field_7-error\" aria-describedby=\"wpforms-821-field_7-description\" required><div id=\"wpforms-821-field_7-description\" class=\"wpforms-field-description\">Saisissez le nom de la ou des personne(s) qui offrent cette carte cadeau.<\/div><\/div><div id=\"wpforms-821-field_6-container\" class=\"wpforms-field wpforms-field-text\" data-field-id=\"6\"><label class=\"wpforms-field-label\" for=\"wpforms-821-field_6\">Pour un montant de... <span class=\"wpforms-required-label\" aria-hidden=\"true\">*<\/span><\/label><input type=\"text\" id=\"wpforms-821-field_6\" class=\"wpforms-field-medium wpforms-field-required\" name=\"wpforms[fields][6]\" aria-errormessage=\"wpforms-821-field_6-error\" aria-describedby=\"wpforms-821-field_6-description\" required><div id=\"wpforms-821-field_6-description\" class=\"wpforms-field-description\">Cette carte cadeau sera valable 1 an \u00e0 compter de sa date d'\u00e9dition.<\/div><\/div><div id=\"wpforms-821-field_3-container\" class=\"wpforms-field wpforms-field-textarea\" data-field-id=\"3\"><label class=\"wpforms-field-label\" for=\"wpforms-821-field_3\">Vous avez une question ?<\/label><textarea id=\"wpforms-821-field_3\" class=\"wpforms-field-medium\" name=\"wpforms[fields][3]\" aria-errormessage=\"wpforms-821-field_3-error\" ><\/textarea><\/div><script>\n\t\t\t\t( function() {\n\t\t\t\t\tconst style = document.createElement( 'style' );\n\t\t\t\t\tstyle.appendChild( document.createTextNode( '#wpforms-821-field_4-container { position: absolute !important; overflow: hidden !important; display: inline !important; height: 1px !important; width: 1px !important; z-index: -1000 !important; padding: 0 !important; } #wpforms-821-field_4-container input { visibility: hidden; } #wpforms-conversational-form-page #wpforms-821-field_4-container label { counter-increment: none; }' ) );\n\t\t\t\t\tdocument.head.appendChild( style );\n\t\t\t\t\tdocument.currentScript?.remove();\n\t\t\t\t} )();\n\t\t\t<\/script><\/div><!-- .wpforms-field-container --><div class=\"wpforms-submit-container\" ><input type=\"hidden\" name=\"wpforms[id]\" value=\"821\"><input type=\"hidden\" name=\"page_title\" value=\"\"><input type=\"hidden\" name=\"page_url\" value=\"http:\/\/mthuel-aromatherapie.fr\/index.php\/wp-json\/wp\/v2\/pages\/819\"><input type=\"hidden\" name=\"url_referer\" value=\"\"><button type=\"submit\" name=\"wpforms[submit]\" id=\"wpforms-submit-821\" class=\"wpforms-submit\" data-alt-text=\"Envoi...\" data-submit-text=\"Envoyer\" aria-live=\"assertive\" value=\"wpforms-submit\">Envoyer<\/button><img loading=\"lazy\" decoding=\"async\" src=\"http:\/\/mthuel-aromatherapie.fr\/wp-content\/plugins\/wpforms-lite\/assets\/images\/submit-spin.svg\" class=\"wpforms-submit-spinner\" style=\"display: none;\" width=\"26\" height=\"26\" alt=\"Chargement en cours\"><\/div><\/form><\/div>  <!-- .wpforms-container -->\n\n\n\n<p><\/p>\n","protected":false},"excerpt":{"rendered":"<p>Modalit\u00e9s1. Remplissez et envoyez le formulaire ci-dessous pour personnaliser votre bon cadeau.2.&nbsp;\u00c0 r\u00e9ception de l&rsquo;e-mail de confirmation, r\u00e9glez votre bon cadeau par virement.3.&nbsp;\u00c0 r\u00e9ception du virement, je vous envoie votre bon cadeau par e-mail.<\/p>\n","protected":false},"author":1,"featured_media":0,"parent":0,"menu_order":0,"comment_status":"closed","ping_status":"closed","template":"","meta":{"footnotes":""},"class_list":["post-819","page","type-page","status-publish","hentry"],"yoast_head":"<!-- This site is optimized with the Yoast SEO plugin v27.1.1 - https:\/\/yoast.com\/product\/yoast-seo-wordpress\/ -->\n<title>Carte cadeau aromath\u00e9rapie - Marie Thuel, aromath\u00e9rapie holistique<\/title>\n<meta name=\"description\" content=\"Offrez une carte cadeau pour une s\u00e9ance avec une aromath\u00e9rapeute certifi\u00e9e \u00e0 Clermont-Ferrand, sp\u00e9cialis\u00e9e en accompagnement naturel par les huiles essentielles et le bien-\u00eatre global.\" \/>\n<meta name=\"robots\" content=\"index, follow, max-snippet:-1, max-image-preview:large, max-video-preview:-1\" \/>\n<link rel=\"canonical\" href=\"https:\/\/mthuel-aromatherapie.fr\/index.php\/carte-cadeau\/\" \/>\n<meta property=\"og:locale\" content=\"fr_FR\" \/>\n<meta property=\"og:type\" content=\"article\" \/>\n<meta property=\"og:title\" content=\"Carte cadeau aromath\u00e9rapie - Marie Thuel, aromath\u00e9rapie holistique\" \/>\n<meta property=\"og:description\" content=\"Offrez une carte cadeau pour une s\u00e9ance avec une aromath\u00e9rapeute certifi\u00e9e \u00e0 Clermont-Ferrand, sp\u00e9cialis\u00e9e en accompagnement naturel par les huiles essentielles et le bien-\u00eatre global.\" \/>\n<meta property=\"og:url\" content=\"https:\/\/mthuel-aromatherapie.fr\/index.php\/carte-cadeau\/\" \/>\n<meta property=\"og:site_name\" content=\"Marie Thuel, aromath\u00e9rapie holistique\" \/>\n<meta property=\"article:modified_time\" content=\"2025-12-28T09:27:26+00:00\" \/>\n<meta property=\"og:image\" content=\"http:\/\/mthuel-aromatherapie.fr\/wp-content\/uploads\/cadeau.webp\" \/>\n<meta name=\"twitter:card\" content=\"summary_large_image\" \/>\n<meta name=\"twitter:label1\" content=\"Dur\u00e9e de lecture estim\u00e9e\" \/>\n\t<meta name=\"twitter:data1\" content=\"1 minute\" \/>\n<script type=\"application\/ld+json\" class=\"yoast-schema-graph\">{\"@context\":\"https:\/\/schema.org\",\"@graph\":[{\"@type\":\"WebPage\",\"@id\":\"https:\/\/mthuel-aromatherapie.fr\/index.php\/carte-cadeau\/\",\"url\":\"https:\/\/mthuel-aromatherapie.fr\/index.php\/carte-cadeau\/\",\"name\":\"Carte cadeau aromath\u00e9rapie - Marie Thuel, aromath\u00e9rapie holistique\",\"isPartOf\":{\"@id\":\"http:\/\/mthuel-aromatherapie.fr\/#website\"},\"primaryImageOfPage\":{\"@id\":\"https:\/\/mthuel-aromatherapie.fr\/index.php\/carte-cadeau\/#primaryimage\"},\"image\":{\"@id\":\"https:\/\/mthuel-aromatherapie.fr\/index.php\/carte-cadeau\/#primaryimage\"},\"thumbnailUrl\":\"http:\/\/mthuel-aromatherapie.fr\/wp-content\/uploads\/cadeau.webp\",\"datePublished\":\"2025-11-03T14:50:41+00:00\",\"dateModified\":\"2025-12-28T09:27:26+00:00\",\"description\":\"Offrez une carte cadeau pour une s\u00e9ance avec une aromath\u00e9rapeute certifi\u00e9e \u00e0 Clermont-Ferrand, sp\u00e9cialis\u00e9e en accompagnement naturel par les huiles essentielles et le bien-\u00eatre global.\",\"breadcrumb\":{\"@id\":\"https:\/\/mthuel-aromatherapie.fr\/index.php\/carte-cadeau\/#breadcrumb\"},\"inLanguage\":\"fr-FR\",\"potentialAction\":[{\"@type\":\"ReadAction\",\"target\":[\"https:\/\/mthuel-aromatherapie.fr\/index.php\/carte-cadeau\/\"]}]},{\"@type\":\"ImageObject\",\"inLanguage\":\"fr-FR\",\"@id\":\"https:\/\/mthuel-aromatherapie.fr\/index.php\/carte-cadeau\/#primaryimage\",\"url\":\"http:\/\/mthuel-aromatherapie.fr\/wp-content\/uploads\/cadeau.webp\",\"contentUrl\":\"http:\/\/mthuel-aromatherapie.fr\/wp-content\/uploads\/cadeau.webp\",\"width\":795,\"height\":500},{\"@type\":\"BreadcrumbList\",\"@id\":\"https:\/\/mthuel-aromatherapie.fr\/index.php\/carte-cadeau\/#breadcrumb\",\"itemListElement\":[{\"@type\":\"ListItem\",\"position\":1,\"name\":\"Accueil\",\"item\":\"http:\/\/mthuel-aromatherapie.fr\/\"},{\"@type\":\"ListItem\",\"position\":2,\"name\":\"Carte cadeau aromath\u00e9rapie\"}]},{\"@type\":\"WebSite\",\"@id\":\"http:\/\/mthuel-aromatherapie.fr\/#website\",\"url\":\"http:\/\/mthuel-aromatherapie.fr\/\",\"name\":\"Marie Thuel, aromath\u00e9rapie holistique\",\"description\":\"L&#039;\u00e9coute du corps, de l&#039;\u00e2me et du vivant.\",\"potentialAction\":[{\"@type\":\"SearchAction\",\"target\":{\"@type\":\"EntryPoint\",\"urlTemplate\":\"http:\/\/mthuel-aromatherapie.fr\/?s={search_term_string}\"},\"query-input\":{\"@type\":\"PropertyValueSpecification\",\"valueRequired\":true,\"valueName\":\"search_term_string\"}}],\"inLanguage\":\"fr-FR\"}]}<\/script>\n<!-- \/ Yoast SEO plugin. -->","yoast_head_json":{"title":"Carte cadeau aromath\u00e9rapie - Marie Thuel, aromath\u00e9rapie holistique","description":"Offrez une carte cadeau pour une s\u00e9ance avec une aromath\u00e9rapeute certifi\u00e9e \u00e0 Clermont-Ferrand, sp\u00e9cialis\u00e9e en accompagnement naturel par les huiles essentielles et le bien-\u00eatre global.","robots":{"index":"index","follow":"follow","max-snippet":"max-snippet:-1","max-image-preview":"max-image-preview:large","max-video-preview":"max-video-preview:-1"},"canonical":"https:\/\/mthuel-aromatherapie.fr\/index.php\/carte-cadeau\/","og_locale":"fr_FR","og_type":"article","og_title":"Carte cadeau aromath\u00e9rapie - Marie Thuel, aromath\u00e9rapie holistique","og_description":"Offrez une carte cadeau pour une s\u00e9ance avec une aromath\u00e9rapeute certifi\u00e9e \u00e0 Clermont-Ferrand, sp\u00e9cialis\u00e9e en accompagnement naturel par les huiles essentielles et le bien-\u00eatre global.","og_url":"https:\/\/mthuel-aromatherapie.fr\/index.php\/carte-cadeau\/","og_site_name":"Marie Thuel, aromath\u00e9rapie holistique","article_modified_time":"2025-12-28T09:27:26+00:00","og_image":[{"url":"http:\/\/mthuel-aromatherapie.fr\/wp-content\/uploads\/cadeau.webp","type":"","width":"","height":""}],"twitter_card":"summary_large_image","twitter_misc":{"Dur\u00e9e de lecture estim\u00e9e":"1 minute"},"schema":{"@context":"https:\/\/schema.org","@graph":[{"@type":"WebPage","@id":"https:\/\/mthuel-aromatherapie.fr\/index.php\/carte-cadeau\/","url":"https:\/\/mthuel-aromatherapie.fr\/index.php\/carte-cadeau\/","name":"Carte cadeau aromath\u00e9rapie - Marie Thuel, aromath\u00e9rapie holistique","isPartOf":{"@id":"http:\/\/mthuel-aromatherapie.fr\/#website"},"primaryImageOfPage":{"@id":"https:\/\/mthuel-aromatherapie.fr\/index.php\/carte-cadeau\/#primaryimage"},"image":{"@id":"https:\/\/mthuel-aromatherapie.fr\/index.php\/carte-cadeau\/#primaryimage"},"thumbnailUrl":"http:\/\/mthuel-aromatherapie.fr\/wp-content\/uploads\/cadeau.webp","datePublished":"2025-11-03T14:50:41+00:00","dateModified":"2025-12-28T09:27:26+00:00","description":"Offrez une carte cadeau pour une s\u00e9ance avec une aromath\u00e9rapeute certifi\u00e9e \u00e0 Clermont-Ferrand, sp\u00e9cialis\u00e9e en accompagnement naturel par les huiles essentielles et le bien-\u00eatre global.","breadcrumb":{"@id":"https:\/\/mthuel-aromatherapie.fr\/index.php\/carte-cadeau\/#breadcrumb"},"inLanguage":"fr-FR","potentialAction":[{"@type":"ReadAction","target":["https:\/\/mthuel-aromatherapie.fr\/index.php\/carte-cadeau\/"]}]},{"@type":"ImageObject","inLanguage":"fr-FR","@id":"https:\/\/mthuel-aromatherapie.fr\/index.php\/carte-cadeau\/#primaryimage","url":"http:\/\/mthuel-aromatherapie.fr\/wp-content\/uploads\/cadeau.webp","contentUrl":"http:\/\/mthuel-aromatherapie.fr\/wp-content\/uploads\/cadeau.webp","width":795,"height":500},{"@type":"BreadcrumbList","@id":"https:\/\/mthuel-aromatherapie.fr\/index.php\/carte-cadeau\/#breadcrumb","itemListElement":[{"@type":"ListItem","position":1,"name":"Accueil","item":"http:\/\/mthuel-aromatherapie.fr\/"},{"@type":"ListItem","position":2,"name":"Carte cadeau aromath\u00e9rapie"}]},{"@type":"WebSite","@id":"http:\/\/mthuel-aromatherapie.fr\/#website","url":"http:\/\/mthuel-aromatherapie.fr\/","name":"Marie Thuel, aromath\u00e9rapie holistique","description":"L&#039;\u00e9coute du corps, de l&#039;\u00e2me et du vivant.","potentialAction":[{"@type":"SearchAction","target":{"@type":"EntryPoint","urlTemplate":"http:\/\/mthuel-aromatherapie.fr\/?s={search_term_string}"},"query-input":{"@type":"PropertyValueSpecification","valueRequired":true,"valueName":"search_term_string"}}],"inLanguage":"fr-FR"}]}},"_links":{"self":[{"href":"http:\/\/mthuel-aromatherapie.fr\/index.php\/wp-json\/wp\/v2\/pages\/819","targetHints":{"allow":["GET"]}}],"collection":[{"href":"http:\/\/mthuel-aromatherapie.fr\/index.php\/wp-json\/wp\/v2\/pages"}],"about":[{"href":"http:\/\/mthuel-aromatherapie.fr\/index.php\/wp-json\/wp\/v2\/types\/page"}],"author":[{"embeddable":true,"href":"http:\/\/mthuel-aromatherapie.fr\/index.php\/wp-json\/wp\/v2\/users\/1"}],"replies":[{"embeddable":true,"href":"http:\/\/mthuel-aromatherapie.fr\/index.php\/wp-json\/wp\/v2\/comments?post=819"}],"version-history":[{"count":8,"href":"http:\/\/mthuel-aromatherapie.fr\/index.php\/wp-json\/wp\/v2\/pages\/819\/revisions"}],"predecessor-version":[{"id":845,"href":"http:\/\/mthuel-aromatherapie.fr\/index.php\/wp-json\/wp\/v2\/pages\/819\/revisions\/845"}],"wp:attachment":[{"href":"http:\/\/mthuel-aromatherapie.fr\/index.php\/wp-json\/wp\/v2\/media?parent=819"}],"curies":[{"name":"wp","href":"https:\/\/api.w.org\/{rel}","templated":true}]}}