{"id":47,"date":"2025-10-22T11:11:54","date_gmt":"2025-10-22T11:11:54","guid":{"rendered":"https:\/\/mthuel-aromatherapie.fr\/?page_id=47"},"modified":"2026-03-11T06:37:13","modified_gmt":"2026-03-11T06:37:13","slug":"accueil","status":"publish","type":"page","link":"https:\/\/mthuel-aromatherapie.fr\/","title":{"rendered":"\u00ab\u00a0L\u2019\u00e9coute du corps, de l\u2019\u00e2me, du vivant\u00a0\u00bb"},"content":{"rendered":"<div class=\"wp-block-image\">\n<figure class=\"aligncenter size-full\"><img loading=\"lazy\" decoding=\"async\" width=\"1920\" height=\"500\" src=\"https:\/\/mthuel-aromatherapie.fr\/wp-content\/uploads\/ATELIERS-a-venir.png\" alt=\"\" class=\"wp-image-915\" srcset=\"https:\/\/mthuel-aromatherapie.fr\/wp-content\/uploads\/ATELIERS-a-venir.png 1920w, https:\/\/mthuel-aromatherapie.fr\/wp-content\/uploads\/ATELIERS-a-venir-300x78.png 300w, https:\/\/mthuel-aromatherapie.fr\/wp-content\/uploads\/ATELIERS-a-venir-1024x267.png 1024w, https:\/\/mthuel-aromatherapie.fr\/wp-content\/uploads\/ATELIERS-a-venir-768x200.png 768w, https:\/\/mthuel-aromatherapie.fr\/wp-content\/uploads\/ATELIERS-a-venir-1536x400.png 1536w, https:\/\/mthuel-aromatherapie.fr\/wp-content\/uploads\/ATELIERS-a-venir-1140x297.png 1140w\" sizes=\"auto, (max-width: 1920px) 100vw, 1920px\" \/><\/figure>\n<\/div>\n\n\n<div style=\"height:23px\" aria-hidden=\"true\" class=\"wp-block-spacer\"><\/div>\n\n\n\n<div class=\"wp-block-media-text is-stacked-on-mobile is-vertically-aligned-top is-image-fill-element\" style=\"margin-top:0px;margin-bottom:0px;grid-template-columns:35% auto\"><figure class=\"wp-block-media-text__media\"><img loading=\"lazy\" decoding=\"async\" width=\"419\" height=\"1024\" src=\"http:\/\/mthuel-aromatherapie.fr\/wp-content\/uploads\/IMG_6768_verticale-419x1024.jpg\" alt=\"\" class=\"wp-image-773 size-full\" style=\"object-position:42% 54%\" srcset=\"https:\/\/mthuel-aromatherapie.fr\/wp-content\/uploads\/IMG_6768_verticale-419x1024.jpg 419w, https:\/\/mthuel-aromatherapie.fr\/wp-content\/uploads\/IMG_6768_verticale-123x300.jpg 123w, https:\/\/mthuel-aromatherapie.fr\/wp-content\/uploads\/IMG_6768_verticale-768x1877.jpg 768w, https:\/\/mthuel-aromatherapie.fr\/wp-content\/uploads\/IMG_6768_verticale-629x1536.jpg 629w, https:\/\/mthuel-aromatherapie.fr\/wp-content\/uploads\/IMG_6768_verticale.jpg 838w\" sizes=\"auto, (max-width: 419px) 100vw, 419px\" \/><\/figure><div class=\"wp-block-media-text__content\">\n<div style=\"height:30px\" aria-hidden=\"true\" class=\"wp-block-spacer\"><\/div>\n\n\n\n<h2 class=\"wp-block-heading has-text-align-center\" style=\"font-size:2em\">Qui suis-je ?<\/h2>\n\n\n\n<div style=\"height:10px\" aria-hidden=\"true\" class=\"wp-block-spacer\"><\/div>\n\n\n\n<p style=\"margin-right:2rem;margin-left:2rem\">Infirmi\u00e8re de formation, j\u2019ai eu l\u2019immense chance de travailler pendant <strong><mark style=\"background-color:rgba(0, 0, 0, 0);color:#800080\" class=\"has-inline-color\">plusieurs ann\u00e9es en r\u00e9animation et en soins palliatifs<\/mark><\/strong>. Ces exp\u00e9riences m\u2019ont profond\u00e9ment marqu\u00e9es. Elles m\u2019ont permis de comprendre la complexit\u00e9 de l\u2019\u00eatre humain, tant dans sa dimension physique, \u00e9motionnelle que spirituelle.<\/p>\n\n\n\n<div style=\"height:20px\" aria-hidden=\"true\" class=\"wp-block-spacer\"><\/div>\n\n\n<div class=\"wp-block-image is-style-rounded\">\n<figure class=\"aligncenter size-full is-resized\"><img loading=\"lazy\" decoding=\"async\" width=\"853\" height=\"853\" src=\"http:\/\/mthuel-aromatherapie.fr\/wp-content\/uploads\/lavande1_carre.webp\" alt=\"\" class=\"wp-image-122\" style=\"width:200px\" srcset=\"https:\/\/mthuel-aromatherapie.fr\/wp-content\/uploads\/lavande1_carre.webp 853w, https:\/\/mthuel-aromatherapie.fr\/wp-content\/uploads\/lavande1_carre-300x300.webp 300w, https:\/\/mthuel-aromatherapie.fr\/wp-content\/uploads\/lavande1_carre-150x150.webp 150w, https:\/\/mthuel-aromatherapie.fr\/wp-content\/uploads\/lavande1_carre-768x768.webp 768w, https:\/\/mthuel-aromatherapie.fr\/wp-content\/uploads\/lavande1_carre-75x75.webp 75w\" sizes=\"auto, (max-width: 853px) 100vw, 853px\" \/><\/figure>\n<\/div>\n\n\n<div style=\"height:20px\" aria-hidden=\"true\" class=\"wp-block-spacer\"><\/div>\n\n\n\n<p style=\"margin-right:2rem;margin-left:2rem\">J\u2019ai toujours ressenti <strong><mark style=\"background-color:rgba(0, 0, 0, 0);color:#800080\" class=\"has-inline-color\">une forte connexion avec la nature, en particulier avec les plantes m\u00e9dicinales<\/mark><\/strong>, dont j\u2019ai pu exp\u00e9rimenter la puissance curative au fil des ann\u00e9es. Ce lien profond m\u2019a naturellement men\u00e9e vers une pratique alternative et holistique, en qu\u00eate d\u2019un sens plus profond dans ma profession d\u2019infirmi\u00e8re. J\u2019ai donc d\u00e9cid\u00e9 de me former \u00e0 l\u2019aromath\u00e9rapie avec l\u2019\u00e9cole Myrt\u00e9a Formation.<\/p>\n\n\n\n<div style=\"height:20px\" aria-hidden=\"true\" class=\"wp-block-spacer\"><\/div>\n\n\n<div class=\"wp-block-image is-style-rounded\">\n<figure class=\"aligncenter size-full is-resized\"><img loading=\"lazy\" decoding=\"async\" width=\"854\" height=\"854\" src=\"http:\/\/mthuel-aromatherapie.fr\/wp-content\/uploads\/bol_carre.webp\" alt=\"\" class=\"wp-image-129\" style=\"width:200px\" srcset=\"https:\/\/mthuel-aromatherapie.fr\/wp-content\/uploads\/bol_carre.webp 854w, https:\/\/mthuel-aromatherapie.fr\/wp-content\/uploads\/bol_carre-300x300.webp 300w, https:\/\/mthuel-aromatherapie.fr\/wp-content\/uploads\/bol_carre-150x150.webp 150w, https:\/\/mthuel-aromatherapie.fr\/wp-content\/uploads\/bol_carre-768x768.webp 768w, https:\/\/mthuel-aromatherapie.fr\/wp-content\/uploads\/bol_carre-75x75.webp 75w\" sizes=\"auto, (max-width: 854px) 100vw, 854px\" \/><\/figure>\n<\/div>\n\n\n<div style=\"height:20px\" aria-hidden=\"true\" class=\"wp-block-spacer\"><\/div>\n\n\n\n<p style=\"margin-right:2rem;margin-left:2rem\">Je suis membre de l\u2019<strong><mark style=\"background-color:rgba(0, 0, 0, 0);color:#800080\" class=\"has-inline-color\">Association Fran\u00e7aise d&rsquo;Aromath\u00e9rapie Clinique (AFAC)<\/mark><\/strong> et de l\u2019<strong><mark style=\"background-color:rgba(0, 0, 0, 0);color:#800080\" class=\"has-inline-color\">Association Les Artisans du Bien-\u00catre au Cendre (63)<\/mark><\/strong>. J\u2019inscris ma pratique dans un r\u00e9seau engag\u00e9, exigeant et profond\u00e9ment humain.<\/p>\n\n\n\n<p style=\"margin-right:2rem;margin-left:2rem\">Pour aller encore plus loin, je me forme actuellement \u00e0 la m\u00e9thode psycho-\u00e9motionnelle, cr\u00e9\u00e9e par Gilles Fournil, l\u2019olfactoth\u00e9rapie\u00ae. <strong><mark style=\"background-color:rgba(0, 0, 0, 0);color:#800080\" class=\"has-inline-color\">En 2026, j\u2019int\u00e8grerai officiellement l\u2019\u00e9cole Myrt\u00e9a Formation en tant qu\u2019enseignante en aromath\u00e9rapie<\/mark><\/strong>.<\/p>\n\n\n\n<div style=\"height:25px\" aria-hidden=\"true\" class=\"wp-block-spacer\"><\/div>\n<\/div><\/div>\n\n\n\n<div class=\"wp-block-media-text alignwide has-media-on-the-right is-stacked-on-mobile is-vertically-aligned-center has-background\" style=\"background-color:#f1f5c7\"><div class=\"wp-block-media-text__content\">\n<div class=\"wp-block-group\" style=\"padding-top:2em;padding-right:2em;padding-bottom:2em;padding-left:2em\"><div class=\"wp-block-group__inner-container is-layout-flow wp-block-group-is-layout-flow\">\n<h2 class=\"wp-block-heading\" style=\"font-size:2em\">Mon approche : une alchimie de savoir et d\u2019intuition.<\/h2>\n\n\n\n<p style=\"font-size:1em\">L\u2019aromath\u00e9rapie que je propose n\u2019est pas seulement une question de soins physiques&nbsp;: elle est un v\u00e9ritable chemin de gu\u00e9rison \u00e9motionnelle. Chaque huile essentielle ou hydrolat est choisi avec soin, en fonction de ses propri\u00e9t\u00e9s th\u00e9rapeutiques, mais aussi de l\u2019\u00e9nergie qu\u2019elle v\u00e9hicule. <\/p>\n<\/div><\/div>\n<\/div><figure class=\"wp-block-media-text__media\"><img loading=\"lazy\" decoding=\"async\" width=\"1024\" height=\"683\" src=\"http:\/\/mthuel-aromatherapie.fr\/wp-content\/uploads\/diapo2-1-1024x683.jpg\" alt=\"\" class=\"wp-image-518 size-full\" srcset=\"https:\/\/mthuel-aromatherapie.fr\/wp-content\/uploads\/diapo2-1-1024x683.jpg 1024w, https:\/\/mthuel-aromatherapie.fr\/wp-content\/uploads\/diapo2-1-300x200.jpg 300w, https:\/\/mthuel-aromatherapie.fr\/wp-content\/uploads\/diapo2-1-768x512.jpg 768w, https:\/\/mthuel-aromatherapie.fr\/wp-content\/uploads\/diapo2-1-1536x1024.jpg 1536w, https:\/\/mthuel-aromatherapie.fr\/wp-content\/uploads\/diapo2-1-1140x760.jpg 1140w, https:\/\/mthuel-aromatherapie.fr\/wp-content\/uploads\/diapo2-1.jpg 1920w\" sizes=\"auto, (max-width: 1024px) 100vw, 1024px\" \/><\/figure><\/div>\n\n\n\n<div class=\"wp-block-media-text alignwide is-stacked-on-mobile is-vertically-aligned-center has-background\" style=\"background-color:#fffdea\"><figure class=\"wp-block-media-text__media\"><img loading=\"lazy\" decoding=\"async\" width=\"1024\" height=\"681\" src=\"http:\/\/mthuel-aromatherapie.fr\/wp-content\/uploads\/composition-1024x681.jpg\" alt=\"\" class=\"wp-image-577 size-full\" srcset=\"https:\/\/mthuel-aromatherapie.fr\/wp-content\/uploads\/composition-1024x681.jpg 1024w, https:\/\/mthuel-aromatherapie.fr\/wp-content\/uploads\/composition-300x200.jpg 300w, https:\/\/mthuel-aromatherapie.fr\/wp-content\/uploads\/composition-768x511.jpg 768w, https:\/\/mthuel-aromatherapie.fr\/wp-content\/uploads\/composition-1536x1022.jpg 1536w, https:\/\/mthuel-aromatherapie.fr\/wp-content\/uploads\/composition-1140x758.jpg 1140w, https:\/\/mthuel-aromatherapie.fr\/wp-content\/uploads\/composition.jpg 1920w\" sizes=\"auto, (max-width: 1024px) 100vw, 1024px\" \/><\/figure><div class=\"wp-block-media-text__content\">\n<div class=\"wp-block-group\" style=\"padding-top:2em;padding-right:2em;padding-bottom:2em;padding-left:2em\"><div class=\"wp-block-group__inner-container is-layout-flow wp-block-group-is-layout-flow\">\n<h2 class=\"wp-block-heading\" style=\"font-size:2em\">Votre potentiel se trouve \u00e0 l\u2019int\u00e9rieur de vous.<\/h2>\n\n\n\n<p class=\"has-extra-small-font-size\">Je combine mes connaissances, savoirs et exp\u00e9riences pour cr\u00e9er des protocoles personnalis\u00e9s qui r\u00e9pondent \u00e0 vos besoins profonds.<\/p>\n\n\n\n<p class=\"has-extra-small-font-size\">Mon travail se fait \u00e0 la crois\u00e9e des chemins entre la science et l\u2019intuition, l\u2019ancien et le moderne. Gr\u00e2ce \u00e0 cette approche holistique, je vous aide \u00e0 lib\u00e9rer vos \u00e9motions bloqu\u00e9es, \u00e0 r\u00e9tablir l\u2019harmonie dans vos relations, \u00e0 retrouver votre \u00e9quilibre int\u00e9rieur et \u00e0 vous reconnecter \u00e0 la nature profonde de votre \u00eatre.<\/p>\n<\/div><\/div>\n<\/div><\/div>\n\n\n\n<div style=\"height:30px\" aria-hidden=\"true\" class=\"wp-block-spacer\"><\/div>\n\n\n<p style=\"text-align: center;\">Je suis \u00e9galement r\u00e9f\u00e9renc\u00e9e sur des annuaires professionnels comme <br \/><strong><a href=\"https:\/\/www.resalib.fr\/rechercher?business=Aromath%C3%A9rapeute&amp;latitude=45.771264&amp;longitude=3.1198023&amp;location=Clermont-Ferrand&amp;filter=all\" target=\"_blank\" rel=\"noopener\"><span style=\"color: #800080;\">Resalib |<\/span><\/a><\/strong><span style=\"color: #800080;\">\u00a0<strong><a style=\"color: #800080;\" href=\"https:\/\/www.annuaire-therapeutes.com\/\" target=\"_blank\" rel=\"noopener\">Annuaire Th\u00e9rapeutes<\/a> |<\/strong>\u00a0<a style=\"color: #800080;\" href=\"https:\/\/www.proxibienetre.fr\/\" target=\"_blank\" rel=\"noopener\"><strong>ProxiBienEtre<\/strong><\/a><\/span><\/p>\n\n\n<p><\/p>\n","protected":false},"excerpt":{"rendered":"<p>Je suis \u00e9galement r\u00e9f\u00e9renc\u00e9e sur des annuaires professionnels comme Resalib |\u00a0Annuaire Th\u00e9rapeutes |\u00a0ProxiBienEtre<\/p>\n","protected":false},"author":1,"featured_media":0,"parent":0,"menu_order":0,"comment_status":"closed","ping_status":"closed","template":"","meta":{"footnotes":""},"class_list":["post-47","page","type-page","status-publish","hentry"],"yoast_head":"<!-- This site is optimized with the Yoast SEO plugin v27.1.1 - https:\/\/yoast.com\/product\/yoast-seo-wordpress\/ -->\n<title>\u00ab\u00a0L\u2019\u00e9coute du corps, de l\u2019\u00e2me, du vivant\u00a0\u00bb - Marie Thuel, aromath\u00e9rapie holistique<\/title>\n<meta name=\"description\" content=\"Aromath\u00e9rapeute certifi\u00e9e \u00e0 Clermont-Ferrand, sp\u00e9cialis\u00e9e en accompagnement naturel par les huiles essentielles et le bien-\u00eatre global.\" \/>\n<meta name=\"robots\" content=\"index, follow, max-snippet:-1, max-image-preview:large, max-video-preview:-1\" \/>\n<link rel=\"canonical\" href=\"http:\/\/mthuel-aromatherapie.fr\/\" \/>\n<meta property=\"og:locale\" content=\"fr_FR\" \/>\n<meta property=\"og:type\" content=\"article\" \/>\n<meta property=\"og:title\" content=\"\u00ab\u00a0L\u2019\u00e9coute du corps, de l\u2019\u00e2me, du vivant\u00a0\u00bb - Marie Thuel, aromath\u00e9rapie holistique\" \/>\n<meta property=\"og:description\" content=\"Aromath\u00e9rapeute certifi\u00e9e \u00e0 Clermont-Ferrand, sp\u00e9cialis\u00e9e en accompagnement naturel par les huiles essentielles et le bien-\u00eatre global.\" \/>\n<meta property=\"og:url\" content=\"http:\/\/mthuel-aromatherapie.fr\/\" \/>\n<meta property=\"og:site_name\" content=\"Marie Thuel, aromath\u00e9rapie holistique\" \/>\n<meta property=\"article:modified_time\" content=\"2026-03-11T06:37:13+00:00\" \/>\n<meta property=\"og:image\" content=\"https:\/\/mthuel-aromatherapie.fr\/wp-content\/uploads\/ATELIERS-a-venir.png\" \/>\n<meta name=\"twitter:card\" content=\"summary_large_image\" \/>\n<meta name=\"twitter:label1\" content=\"Dur\u00e9e de lecture estim\u00e9e\" \/>\n\t<meta name=\"twitter:data1\" content=\"3 minutes\" \/>\n<script type=\"application\/ld+json\" class=\"yoast-schema-graph\">{\"@context\":\"https:\/\/schema.org\",\"@graph\":[{\"@type\":\"WebPage\",\"@id\":\"http:\/\/mthuel-aromatherapie.fr\/\",\"url\":\"http:\/\/mthuel-aromatherapie.fr\/\",\"name\":\"\u00ab\u00a0L\u2019\u00e9coute du corps, de l\u2019\u00e2me, du vivant\u00a0\u00bb - Marie Thuel, aromath\u00e9rapie holistique\",\"isPartOf\":{\"@id\":\"http:\/\/mthuel-aromatherapie.fr\/#website\"},\"primaryImageOfPage\":{\"@id\":\"http:\/\/mthuel-aromatherapie.fr\/#primaryimage\"},\"image\":{\"@id\":\"http:\/\/mthuel-aromatherapie.fr\/#primaryimage\"},\"thumbnailUrl\":\"https:\/\/mthuel-aromatherapie.fr\/wp-content\/uploads\/ATELIERS-a-venir.png\",\"datePublished\":\"2025-10-22T11:11:54+00:00\",\"dateModified\":\"2026-03-11T06:37:13+00:00\",\"description\":\"Aromath\u00e9rapeute certifi\u00e9e \u00e0 Clermont-Ferrand, sp\u00e9cialis\u00e9e en accompagnement naturel par les huiles essentielles et le bien-\u00eatre global.\",\"breadcrumb\":{\"@id\":\"http:\/\/mthuel-aromatherapie.fr\/#breadcrumb\"},\"inLanguage\":\"fr-FR\",\"potentialAction\":[{\"@type\":\"ReadAction\",\"target\":[\"http:\/\/mthuel-aromatherapie.fr\/\"]}]},{\"@type\":\"ImageObject\",\"inLanguage\":\"fr-FR\",\"@id\":\"http:\/\/mthuel-aromatherapie.fr\/#primaryimage\",\"url\":\"https:\/\/mthuel-aromatherapie.fr\/wp-content\/uploads\/ATELIERS-a-venir.png\",\"contentUrl\":\"https:\/\/mthuel-aromatherapie.fr\/wp-content\/uploads\/ATELIERS-a-venir.png\",\"width\":1920,\"height\":500},{\"@type\":\"BreadcrumbList\",\"@id\":\"http:\/\/mthuel-aromatherapie.fr\/#breadcrumb\",\"itemListElement\":[{\"@type\":\"ListItem\",\"position\":1,\"name\":\"Accueil\",\"item\":\"http:\/\/mthuel-aromatherapie.fr\/\"},{\"@type\":\"ListItem\",\"position\":2,\"name\":\"\u00ab\u00a0L\u2019\u00e9coute du corps, de l\u2019\u00e2me, du vivant\u00a0\u00bb\"}]},{\"@type\":\"WebSite\",\"@id\":\"http:\/\/mthuel-aromatherapie.fr\/#website\",\"url\":\"http:\/\/mthuel-aromatherapie.fr\/\",\"name\":\"Marie Thuel, aromath\u00e9rapie holistique\",\"description\":\"L&#039;\u00e9coute du corps, de l&#039;\u00e2me et du vivant.\",\"potentialAction\":[{\"@type\":\"SearchAction\",\"target\":{\"@type\":\"EntryPoint\",\"urlTemplate\":\"http:\/\/mthuel-aromatherapie.fr\/?s={search_term_string}\"},\"query-input\":{\"@type\":\"PropertyValueSpecification\",\"valueRequired\":true,\"valueName\":\"search_term_string\"}}],\"inLanguage\":\"fr-FR\"}]}<\/script>\n<!-- \/ Yoast SEO plugin. -->","yoast_head_json":{"title":"\u00ab\u00a0L\u2019\u00e9coute du corps, de l\u2019\u00e2me, du vivant\u00a0\u00bb - Marie Thuel, aromath\u00e9rapie holistique","description":"Aromath\u00e9rapeute certifi\u00e9e \u00e0 Clermont-Ferrand, sp\u00e9cialis\u00e9e en accompagnement naturel par les huiles essentielles et le bien-\u00eatre global.","robots":{"index":"index","follow":"follow","max-snippet":"max-snippet:-1","max-image-preview":"max-image-preview:large","max-video-preview":"max-video-preview:-1"},"canonical":"http:\/\/mthuel-aromatherapie.fr\/","og_locale":"fr_FR","og_type":"article","og_title":"\u00ab\u00a0L\u2019\u00e9coute du corps, de l\u2019\u00e2me, du vivant\u00a0\u00bb - Marie Thuel, aromath\u00e9rapie holistique","og_description":"Aromath\u00e9rapeute certifi\u00e9e \u00e0 Clermont-Ferrand, sp\u00e9cialis\u00e9e en accompagnement naturel par les huiles essentielles et le bien-\u00eatre global.","og_url":"http:\/\/mthuel-aromatherapie.fr\/","og_site_name":"Marie Thuel, aromath\u00e9rapie holistique","article_modified_time":"2026-03-11T06:37:13+00:00","og_image":[{"url":"https:\/\/mthuel-aromatherapie.fr\/wp-content\/uploads\/ATELIERS-a-venir.png","type":"","width":"","height":""}],"twitter_card":"summary_large_image","twitter_misc":{"Dur\u00e9e de lecture estim\u00e9e":"3 minutes"},"schema":{"@context":"https:\/\/schema.org","@graph":[{"@type":"WebPage","@id":"http:\/\/mthuel-aromatherapie.fr\/","url":"http:\/\/mthuel-aromatherapie.fr\/","name":"\u00ab\u00a0L\u2019\u00e9coute du corps, de l\u2019\u00e2me, du vivant\u00a0\u00bb - Marie Thuel, aromath\u00e9rapie holistique","isPartOf":{"@id":"http:\/\/mthuel-aromatherapie.fr\/#website"},"primaryImageOfPage":{"@id":"http:\/\/mthuel-aromatherapie.fr\/#primaryimage"},"image":{"@id":"http:\/\/mthuel-aromatherapie.fr\/#primaryimage"},"thumbnailUrl":"https:\/\/mthuel-aromatherapie.fr\/wp-content\/uploads\/ATELIERS-a-venir.png","datePublished":"2025-10-22T11:11:54+00:00","dateModified":"2026-03-11T06:37:13+00:00","description":"Aromath\u00e9rapeute certifi\u00e9e \u00e0 Clermont-Ferrand, sp\u00e9cialis\u00e9e en accompagnement naturel par les huiles essentielles et le bien-\u00eatre global.","breadcrumb":{"@id":"http:\/\/mthuel-aromatherapie.fr\/#breadcrumb"},"inLanguage":"fr-FR","potentialAction":[{"@type":"ReadAction","target":["http:\/\/mthuel-aromatherapie.fr\/"]}]},{"@type":"ImageObject","inLanguage":"fr-FR","@id":"http:\/\/mthuel-aromatherapie.fr\/#primaryimage","url":"https:\/\/mthuel-aromatherapie.fr\/wp-content\/uploads\/ATELIERS-a-venir.png","contentUrl":"https:\/\/mthuel-aromatherapie.fr\/wp-content\/uploads\/ATELIERS-a-venir.png","width":1920,"height":500},{"@type":"BreadcrumbList","@id":"http:\/\/mthuel-aromatherapie.fr\/#breadcrumb","itemListElement":[{"@type":"ListItem","position":1,"name":"Accueil","item":"http:\/\/mthuel-aromatherapie.fr\/"},{"@type":"ListItem","position":2,"name":"\u00ab\u00a0L\u2019\u00e9coute du corps, de l\u2019\u00e2me, du vivant\u00a0\u00bb"}]},{"@type":"WebSite","@id":"http:\/\/mthuel-aromatherapie.fr\/#website","url":"http:\/\/mthuel-aromatherapie.fr\/","name":"Marie Thuel, aromath\u00e9rapie holistique","description":"L&#039;\u00e9coute du corps, de l&#039;\u00e2me et du vivant.","potentialAction":[{"@type":"SearchAction","target":{"@type":"EntryPoint","urlTemplate":"http:\/\/mthuel-aromatherapie.fr\/?s={search_term_string}"},"query-input":{"@type":"PropertyValueSpecification","valueRequired":true,"valueName":"search_term_string"}}],"inLanguage":"fr-FR"}]}},"_links":{"self":[{"href":"https:\/\/mthuel-aromatherapie.fr\/index.php\/wp-json\/wp\/v2\/pages\/47","targetHints":{"allow":["GET"]}}],"collection":[{"href":"https:\/\/mthuel-aromatherapie.fr\/index.php\/wp-json\/wp\/v2\/pages"}],"about":[{"href":"https:\/\/mthuel-aromatherapie.fr\/index.php\/wp-json\/wp\/v2\/types\/page"}],"author":[{"embeddable":true,"href":"https:\/\/mthuel-aromatherapie.fr\/index.php\/wp-json\/wp\/v2\/users\/1"}],"replies":[{"embeddable":true,"href":"https:\/\/mthuel-aromatherapie.fr\/index.php\/wp-json\/wp\/v2\/comments?post=47"}],"version-history":[{"count":129,"href":"https:\/\/mthuel-aromatherapie.fr\/index.php\/wp-json\/wp\/v2\/pages\/47\/revisions"}],"predecessor-version":[{"id":916,"href":"https:\/\/mthuel-aromatherapie.fr\/index.php\/wp-json\/wp\/v2\/pages\/47\/revisions\/916"}],"wp:attachment":[{"href":"https:\/\/mthuel-aromatherapie.fr\/index.php\/wp-json\/wp\/v2\/media?parent=47"}],"curies":[{"name":"wp","href":"https:\/\/api.w.org\/{rel}","templated":true}]}}