{"id":49,"date":"2025-10-22T11:12:08","date_gmt":"2025-10-22T11:12:08","guid":{"rendered":"https:\/\/mthuel-aromatherapie.fr\/?page_id=49"},"modified":"2026-01-14T19:26:04","modified_gmt":"2026-01-14T19:26:04","slug":"prestations","status":"publish","type":"page","link":"https:\/\/mthuel-aromatherapie.fr\/index.php\/prestations\/","title":{"rendered":"Mes Prestations"},"content":{"rendered":"\n<h2 class=\"wp-block-heading has-text-align-center\">Ce que vous trouverez chez moi&#8230;<\/h2>\n\n\n\n<div style=\"height:20px\" aria-hidden=\"true\" class=\"wp-block-spacer\"><\/div>\n\n\n\n<div class=\"wp-block-columns alignwide is-layout-flex wp-container-core-columns-is-layout-cac86068 wp-block-columns-is-layout-flex\" style=\"margin-bottom:0\">\n<div class=\"wp-block-column has-text-color has-background has-link-color wp-elements-bebf21f2665c4aea71066ddb9630ed02 is-layout-flow wp-block-column-is-layout-flow\" style=\"color:#000000;background-color:#d3bad2;padding-top:2em;padding-right:2em;padding-bottom:2em;padding-left:2em\">\n<h2 class=\"wp-block-heading has-text-align-center\" style=\"font-size:2em\">Consultation<br>Individuelle<\/h2>\n\n\n<div class=\"wp-block-image\">\n<figure class=\"aligncenter size-medium\"><img loading=\"lazy\" decoding=\"async\" width=\"300\" height=\"200\" src=\"http:\/\/mthuel-aromatherapie.fr\/wp-content\/uploads\/agenda-300x200.webp\" alt=\"\" class=\"wp-image-342\" srcset=\"https:\/\/mthuel-aromatherapie.fr\/wp-content\/uploads\/agenda-300x200.webp 300w, https:\/\/mthuel-aromatherapie.fr\/wp-content\/uploads\/agenda-1024x682.webp 1024w, https:\/\/mthuel-aromatherapie.fr\/wp-content\/uploads\/agenda-768x512.webp 768w, https:\/\/mthuel-aromatherapie.fr\/wp-content\/uploads\/agenda-1140x760.webp 1140w, https:\/\/mthuel-aromatherapie.fr\/wp-content\/uploads\/agenda.webp 1280w\" sizes=\"auto, (max-width: 300px) 100vw, 300px\" \/><\/figure>\n<\/div>\n\n\n<p class=\"has-text-align-center has-text-color has-link-color has-normal-font-size wp-elements-e51e0aae4f51c6d7faee92edfe97982e\" style=\"color:#663f66;line-height:1.5\"><strong>Une solution <\/strong><br><strong>personnalis\u00e9e et adapt\u00e9e<\/strong><\/p>\n\n\n\n<hr class=\"wp-block-separator has-text-color has-alpha-channel-opacity has-background is-style-wide\" style=\"margin-top:10px;margin-bottom:10px;background-color:#663f66;color:#663f66\"\/>\n\n\n\n<div class=\"wp-block-buttons is-content-justification-center is-layout-flex wp-container-core-buttons-is-layout-a89b3969 wp-block-buttons-is-layout-flex\">\n<div class=\"wp-block-button is-style-fill\"><a class=\"wp-block-button__link has-background has-custom-font-size wp-element-button\" href=\"http:\/\/mthuel-aromatherapie.fr\/index.php\/consultation-individuelle\/\" style=\"background-color:#663f66;font-size:1em\">En savoir plus<\/a><\/div>\n<\/div>\n<\/div>\n\n\n\n<div class=\"wp-block-column has-text-color has-background has-link-color wp-elements-92d06735da4ae9913569a14f1903e137 is-layout-flow wp-container-core-column-is-layout-fa26a8d0 wp-block-column-is-layout-flow\" style=\"color:#000000;background-color:#dae399;padding-top:2em;padding-right:2em;padding-bottom:2em;padding-left:2em\">\n<h2 class=\"wp-block-heading has-text-align-center\" style=\"font-size:2em\">Consultation<br>Olfactoth\u00e9rapie\u00ae<\/h2>\n\n\n\n<div style=\"height:20px\" aria-hidden=\"true\" class=\"wp-block-spacer\"><\/div>\n\n\n<div class=\"wp-block-image\">\n<figure class=\"aligncenter size-medium\"><img loading=\"lazy\" decoding=\"async\" width=\"300\" height=\"200\" src=\"http:\/\/mthuel-aromatherapie.fr\/wp-content\/uploads\/meditation_olfactive-300x200.webp\" alt=\"\" class=\"wp-image-344\" srcset=\"https:\/\/mthuel-aromatherapie.fr\/wp-content\/uploads\/meditation_olfactive-300x200.webp 300w, https:\/\/mthuel-aromatherapie.fr\/wp-content\/uploads\/meditation_olfactive-1024x683.webp 1024w, https:\/\/mthuel-aromatherapie.fr\/wp-content\/uploads\/meditation_olfactive-768x512.webp 768w, https:\/\/mthuel-aromatherapie.fr\/wp-content\/uploads\/meditation_olfactive-1140x760.webp 1140w, https:\/\/mthuel-aromatherapie.fr\/wp-content\/uploads\/meditation_olfactive.webp 1258w\" sizes=\"auto, (max-width: 300px) 100vw, 300px\" \/><\/figure>\n<\/div>\n\n\n<div style=\"height:20px\" aria-hidden=\"true\" class=\"wp-block-spacer\"><\/div>\n\n\n\n<p class=\"has-text-align-center has-text-color has-link-color has-normal-font-size wp-elements-c5b34d5d7f355878b702139960cf71b3\" style=\"color:#60623d;line-height:1.5\"><strong>Pour mieux g\u00e9rer <\/strong><br><strong>ses \u00e9motions<\/strong><\/p>\n\n\n\n<hr class=\"wp-block-separator has-text-color has-alpha-channel-opacity has-background is-style-wide\" style=\"margin-top:10px;margin-bottom:10px;background-color:#60623d;color:#60623d\"\/>\n\n\n\n<div style=\"height:15px\" aria-hidden=\"true\" class=\"wp-block-spacer\"><\/div>\n\n\n\n<div class=\"wp-block-buttons is-content-justification-center is-layout-flex wp-container-core-buttons-is-layout-a89b3969 wp-block-buttons-is-layout-flex\">\n<div class=\"wp-block-button is-style-fill\"><a class=\"wp-block-button__link has-background has-custom-font-size wp-element-button\" href=\"http:\/\/mthuel-aromatherapie.fr\/index.php\/consultation-olfactotherapie\/\" style=\"background-color:#60623d;font-size:1em\">En savoir plus<\/a><\/div>\n<\/div>\n<\/div>\n<\/div>\n\n\n\n<div style=\"height:40px\" aria-hidden=\"true\" class=\"wp-block-spacer\"><\/div>\n\n\n\n<div class=\"wp-block-columns alignwide is-layout-flex wp-container-core-columns-is-layout-cac86068 wp-block-columns-is-layout-flex\" style=\"margin-bottom:0\">\n<div class=\"wp-block-column has-text-color has-background has-link-color wp-elements-c1c000feaca26659cb8796b0b87a7ed9 is-layout-flow wp-block-column-is-layout-flow\" style=\"color:#000000;background-color:#c3c1b1;padding-top:2em;padding-right:2em;padding-bottom:2em;padding-left:2em\">\n<h2 class=\"wp-block-heading has-text-align-center\" style=\"font-size:2em\">Ateliers <br>Th\u00e9matiques<\/h2>\n\n\n<div class=\"wp-block-image\">\n<figure class=\"aligncenter size-medium\"><img loading=\"lazy\" decoding=\"async\" width=\"300\" height=\"200\" src=\"http:\/\/mthuel-aromatherapie.fr\/wp-content\/uploads\/aromatherapie-300x200.webp\" alt=\"\" class=\"wp-image-346\" srcset=\"https:\/\/mthuel-aromatherapie.fr\/wp-content\/uploads\/aromatherapie-300x200.webp 300w, https:\/\/mthuel-aromatherapie.fr\/wp-content\/uploads\/aromatherapie-1024x682.webp 1024w, https:\/\/mthuel-aromatherapie.fr\/wp-content\/uploads\/aromatherapie-768x512.webp 768w, https:\/\/mthuel-aromatherapie.fr\/wp-content\/uploads\/aromatherapie-1140x760.webp 1140w, https:\/\/mthuel-aromatherapie.fr\/wp-content\/uploads\/aromatherapie.webp 1280w\" sizes=\"auto, (max-width: 300px) 100vw, 300px\" \/><\/figure>\n<\/div>\n\n\n<p class=\"has-text-align-center has-text-color has-link-color has-normal-font-size wp-elements-4f7c71377194157a304738bb88b29355\" style=\"color:#5d5845;line-height:1.5\"><strong>Testez votre savoir-faire !<\/strong><\/p>\n\n\n\n<hr class=\"wp-block-separator has-text-color has-alpha-channel-opacity has-background is-style-wide\" style=\"margin-top:10px;margin-bottom:10px;background-color:#5d5845;color:#5d5845\"\/>\n\n\n\n<div class=\"wp-block-buttons is-content-justification-center is-layout-flex wp-container-core-buttons-is-layout-a89b3969 wp-block-buttons-is-layout-flex\">\n<div class=\"wp-block-button is-style-fill\"><a class=\"wp-block-button__link has-background has-custom-font-size wp-element-button\" href=\"http:\/\/mthuel-aromatherapie.fr\/index.php\/ateliers\/\" style=\"background-color:#5d5845;font-size:1em\">Voir les ateliers<\/a><\/div>\n<\/div>\n<\/div>\n\n\n\n<div class=\"wp-block-column has-text-color has-background has-link-color wp-elements-bd072a82ca484449970c01313ccbd803 is-layout-flow wp-block-column-is-layout-flow\" style=\"color:#000000;background-color:#bac599;padding-top:2em;padding-right:2em;padding-bottom:2em;padding-left:2em\">\n<h2 class=\"wp-block-heading has-text-align-center\" style=\"font-size:2em\">Intervention<br>en Entreprise<\/h2>\n\n\n<div class=\"wp-block-image\">\n<figure class=\"aligncenter size-medium\"><img loading=\"lazy\" decoding=\"async\" width=\"300\" height=\"200\" src=\"http:\/\/mthuel-aromatherapie.fr\/wp-content\/uploads\/bureau-300x200.webp\" alt=\"\" class=\"wp-image-348\" srcset=\"https:\/\/mthuel-aromatherapie.fr\/wp-content\/uploads\/bureau-300x200.webp 300w, https:\/\/mthuel-aromatherapie.fr\/wp-content\/uploads\/bureau-1024x682.webp 1024w, https:\/\/mthuel-aromatherapie.fr\/wp-content\/uploads\/bureau-768x512.webp 768w, https:\/\/mthuel-aromatherapie.fr\/wp-content\/uploads\/bureau-1140x760.webp 1140w, https:\/\/mthuel-aromatherapie.fr\/wp-content\/uploads\/bureau.webp 1280w\" sizes=\"auto, (max-width: 300px) 100vw, 300px\" \/><\/figure>\n<\/div>\n\n\n<p class=\"has-text-align-center has-text-color has-link-color has-normal-font-size wp-elements-9f295497005c555371020d2413b5e33f\" style=\"color:#504f32;line-height:1.5\"><strong>Qualit\u00e9 de vie au travail<\/strong><\/p>\n\n\n\n<hr class=\"wp-block-separator has-text-color has-alpha-channel-opacity has-background is-style-wide\" style=\"margin-top:10px;margin-bottom:10px;background-color:#504f32;color:#504f32\"\/>\n\n\n\n<div class=\"wp-block-buttons is-content-justification-center is-layout-flex wp-container-core-buttons-is-layout-a89b3969 wp-block-buttons-is-layout-flex\">\n<div class=\"wp-block-button is-style-fill\"><a class=\"wp-block-button__link has-background has-custom-font-size wp-element-button\" href=\"http:\/\/mthuel-aromatherapie.fr\/index.php\/intervention-en-entreprise\/\" style=\"background-color:#504f32;font-size:1em\">En savoir plus<\/a><\/div>\n<\/div>\n<\/div>\n<\/div>\n\n\n\n<div style=\"height:20px\" aria-hidden=\"true\" class=\"wp-block-spacer\"><\/div>\n\n\n\n<div class=\"wp-block-cover aligncenter is-light\" style=\"min-height:190px;aspect-ratio:unset;\"><img loading=\"lazy\" decoding=\"async\" width=\"1024\" height=\"267\" class=\"wp-block-cover__image-background wp-image-814 size-large\" alt=\"Carte cadeau\" src=\"http:\/\/mthuel-aromatherapie.fr\/wp-content\/uploads\/banniere_cadeau-1024x267.webp\" data-object-fit=\"cover\" srcset=\"https:\/\/mthuel-aromatherapie.fr\/wp-content\/uploads\/banniere_cadeau-1024x267.webp 1024w, https:\/\/mthuel-aromatherapie.fr\/wp-content\/uploads\/banniere_cadeau-300x78.webp 300w, https:\/\/mthuel-aromatherapie.fr\/wp-content\/uploads\/banniere_cadeau-768x200.webp 768w, https:\/\/mthuel-aromatherapie.fr\/wp-content\/uploads\/banniere_cadeau-1536x400.webp 1536w, https:\/\/mthuel-aromatherapie.fr\/wp-content\/uploads\/banniere_cadeau-1140x297.webp 1140w, https:\/\/mthuel-aromatherapie.fr\/wp-content\/uploads\/banniere_cadeau.webp 1920w\" sizes=\"auto, (max-width: 1024px) 100vw, 1024px\" \/><span aria-hidden=\"true\" class=\"wp-block-cover__background has-background-dim\" style=\"background-color:#e5dbee\"><\/span><div class=\"wp-block-cover__inner-container is-layout-constrained wp-block-cover-is-layout-constrained\">\n<h2 class=\"wp-block-heading has-large-font-size\" style=\"text-decoration:none\"><a href=\"http:\/\/mthuel-aromatherapie.fr\/index.php\/carte-cadeau\/\"><mark style=\"background-color:rgba(0, 0, 0, 0)\" class=\"has-inline-color has-black-color\">Je souhaite<br> Offrir une carte cadeau<\/mark><\/a><\/h2>\n<\/div><\/div>\n\n\n\n<p><\/p>\n","protected":false},"excerpt":{"rendered":"<p>Ce que vous trouverez chez moi&#8230; ConsultationIndividuelle Une solution personnalis\u00e9e et adapt\u00e9e ConsultationOlfactoth\u00e9rapie\u00ae Pour mieux g\u00e9rer ses \u00e9motions Ateliers Th\u00e9matiques Testez votre savoir-faire ! Interventionen Entreprise Qualit\u00e9 de vie au travail<\/p>\n","protected":false},"author":1,"featured_media":0,"parent":0,"menu_order":0,"comment_status":"closed","ping_status":"closed","template":"","meta":{"footnotes":""},"class_list":["post-49","page","type-page","status-publish","hentry"],"yoast_head":"<!-- This site is optimized with the Yoast SEO plugin v27.1.1 - https:\/\/yoast.com\/product\/yoast-seo-wordpress\/ -->\n<title>Mes Prestations - Marie Thuel, aromath\u00e9rapie holistique<\/title>\n<meta name=\"description\" content=\"Aromath\u00e9rapeute certifi\u00e9e \u00e0 Clermont-Ferrand, sp\u00e9cialis\u00e9e en accompagnement naturel par les huiles essentielles et le bien-\u00eatre global. Voici la liste de mes prestations.\" \/>\n<meta name=\"robots\" content=\"index, follow, max-snippet:-1, max-image-preview:large, max-video-preview:-1\" \/>\n<link rel=\"canonical\" href=\"https:\/\/mthuel-aromatherapie.fr\/index.php\/prestations\/\" \/>\n<meta property=\"og:locale\" content=\"fr_FR\" \/>\n<meta property=\"og:type\" content=\"article\" \/>\n<meta property=\"og:title\" content=\"Mes Prestations - Marie Thuel, aromath\u00e9rapie holistique\" \/>\n<meta property=\"og:description\" content=\"Aromath\u00e9rapeute certifi\u00e9e \u00e0 Clermont-Ferrand, sp\u00e9cialis\u00e9e en accompagnement naturel par les huiles essentielles et le bien-\u00eatre global. Voici la liste de mes prestations.\" \/>\n<meta property=\"og:url\" content=\"https:\/\/mthuel-aromatherapie.fr\/index.php\/prestations\/\" \/>\n<meta property=\"og:site_name\" content=\"Marie Thuel, aromath\u00e9rapie holistique\" \/>\n<meta property=\"article:modified_time\" content=\"2026-01-14T19:26:04+00:00\" \/>\n<meta property=\"og:image\" content=\"http:\/\/mthuel-aromatherapie.fr\/wp-content\/uploads\/agenda-300x200.webp\" \/>\n<meta name=\"twitter:card\" content=\"summary_large_image\" \/>\n<meta name=\"twitter:label1\" content=\"Dur\u00e9e de lecture estim\u00e9e\" \/>\n\t<meta name=\"twitter:data1\" content=\"2 minutes\" \/>\n<script type=\"application\/ld+json\" class=\"yoast-schema-graph\">{\"@context\":\"https:\/\/schema.org\",\"@graph\":[{\"@type\":\"WebPage\",\"@id\":\"https:\/\/mthuel-aromatherapie.fr\/index.php\/prestations\/\",\"url\":\"https:\/\/mthuel-aromatherapie.fr\/index.php\/prestations\/\",\"name\":\"Mes Prestations - Marie Thuel, aromath\u00e9rapie holistique\",\"isPartOf\":{\"@id\":\"http:\/\/mthuel-aromatherapie.fr\/#website\"},\"primaryImageOfPage\":{\"@id\":\"https:\/\/mthuel-aromatherapie.fr\/index.php\/prestations\/#primaryimage\"},\"image\":{\"@id\":\"https:\/\/mthuel-aromatherapie.fr\/index.php\/prestations\/#primaryimage\"},\"thumbnailUrl\":\"http:\/\/mthuel-aromatherapie.fr\/wp-content\/uploads\/agenda-300x200.webp\",\"datePublished\":\"2025-10-22T11:12:08+00:00\",\"dateModified\":\"2026-01-14T19:26:04+00:00\",\"description\":\"Aromath\u00e9rapeute certifi\u00e9e \u00e0 Clermont-Ferrand, sp\u00e9cialis\u00e9e en accompagnement naturel par les huiles essentielles et le bien-\u00eatre global. Voici la liste de mes prestations.\",\"breadcrumb\":{\"@id\":\"https:\/\/mthuel-aromatherapie.fr\/index.php\/prestations\/#breadcrumb\"},\"inLanguage\":\"fr-FR\",\"potentialAction\":[{\"@type\":\"ReadAction\",\"target\":[\"https:\/\/mthuel-aromatherapie.fr\/index.php\/prestations\/\"]}]},{\"@type\":\"ImageObject\",\"inLanguage\":\"fr-FR\",\"@id\":\"https:\/\/mthuel-aromatherapie.fr\/index.php\/prestations\/#primaryimage\",\"url\":\"https:\/\/mthuel-aromatherapie.fr\/wp-content\/uploads\/agenda.webp\",\"contentUrl\":\"https:\/\/mthuel-aromatherapie.fr\/wp-content\/uploads\/agenda.webp\",\"width\":1280,\"height\":853},{\"@type\":\"BreadcrumbList\",\"@id\":\"https:\/\/mthuel-aromatherapie.fr\/index.php\/prestations\/#breadcrumb\",\"itemListElement\":[{\"@type\":\"ListItem\",\"position\":1,\"name\":\"Accueil\",\"item\":\"http:\/\/mthuel-aromatherapie.fr\/\"},{\"@type\":\"ListItem\",\"position\":2,\"name\":\"Mes Prestations\"}]},{\"@type\":\"WebSite\",\"@id\":\"http:\/\/mthuel-aromatherapie.fr\/#website\",\"url\":\"http:\/\/mthuel-aromatherapie.fr\/\",\"name\":\"Marie Thuel, aromath\u00e9rapie holistique\",\"description\":\"L&#039;\u00e9coute du corps, de l&#039;\u00e2me et du vivant.\",\"potentialAction\":[{\"@type\":\"SearchAction\",\"target\":{\"@type\":\"EntryPoint\",\"urlTemplate\":\"http:\/\/mthuel-aromatherapie.fr\/?s={search_term_string}\"},\"query-input\":{\"@type\":\"PropertyValueSpecification\",\"valueRequired\":true,\"valueName\":\"search_term_string\"}}],\"inLanguage\":\"fr-FR\"}]}<\/script>\n<!-- \/ Yoast SEO plugin. -->","yoast_head_json":{"title":"Mes Prestations - Marie Thuel, aromath\u00e9rapie holistique","description":"Aromath\u00e9rapeute certifi\u00e9e \u00e0 Clermont-Ferrand, sp\u00e9cialis\u00e9e en accompagnement naturel par les huiles essentielles et le bien-\u00eatre global. Voici la liste de mes prestations.","robots":{"index":"index","follow":"follow","max-snippet":"max-snippet:-1","max-image-preview":"max-image-preview:large","max-video-preview":"max-video-preview:-1"},"canonical":"https:\/\/mthuel-aromatherapie.fr\/index.php\/prestations\/","og_locale":"fr_FR","og_type":"article","og_title":"Mes Prestations - Marie Thuel, aromath\u00e9rapie holistique","og_description":"Aromath\u00e9rapeute certifi\u00e9e \u00e0 Clermont-Ferrand, sp\u00e9cialis\u00e9e en accompagnement naturel par les huiles essentielles et le bien-\u00eatre global. Voici la liste de mes prestations.","og_url":"https:\/\/mthuel-aromatherapie.fr\/index.php\/prestations\/","og_site_name":"Marie Thuel, aromath\u00e9rapie holistique","article_modified_time":"2026-01-14T19:26:04+00:00","og_image":[{"url":"http:\/\/mthuel-aromatherapie.fr\/wp-content\/uploads\/agenda-300x200.webp","type":"","width":"","height":""}],"twitter_card":"summary_large_image","twitter_misc":{"Dur\u00e9e de lecture estim\u00e9e":"2 minutes"},"schema":{"@context":"https:\/\/schema.org","@graph":[{"@type":"WebPage","@id":"https:\/\/mthuel-aromatherapie.fr\/index.php\/prestations\/","url":"https:\/\/mthuel-aromatherapie.fr\/index.php\/prestations\/","name":"Mes Prestations - Marie Thuel, aromath\u00e9rapie holistique","isPartOf":{"@id":"http:\/\/mthuel-aromatherapie.fr\/#website"},"primaryImageOfPage":{"@id":"https:\/\/mthuel-aromatherapie.fr\/index.php\/prestations\/#primaryimage"},"image":{"@id":"https:\/\/mthuel-aromatherapie.fr\/index.php\/prestations\/#primaryimage"},"thumbnailUrl":"http:\/\/mthuel-aromatherapie.fr\/wp-content\/uploads\/agenda-300x200.webp","datePublished":"2025-10-22T11:12:08+00:00","dateModified":"2026-01-14T19:26:04+00:00","description":"Aromath\u00e9rapeute certifi\u00e9e \u00e0 Clermont-Ferrand, sp\u00e9cialis\u00e9e en accompagnement naturel par les huiles essentielles et le bien-\u00eatre global. Voici la liste de mes prestations.","breadcrumb":{"@id":"https:\/\/mthuel-aromatherapie.fr\/index.php\/prestations\/#breadcrumb"},"inLanguage":"fr-FR","potentialAction":[{"@type":"ReadAction","target":["https:\/\/mthuel-aromatherapie.fr\/index.php\/prestations\/"]}]},{"@type":"ImageObject","inLanguage":"fr-FR","@id":"https:\/\/mthuel-aromatherapie.fr\/index.php\/prestations\/#primaryimage","url":"https:\/\/mthuel-aromatherapie.fr\/wp-content\/uploads\/agenda.webp","contentUrl":"https:\/\/mthuel-aromatherapie.fr\/wp-content\/uploads\/agenda.webp","width":1280,"height":853},{"@type":"BreadcrumbList","@id":"https:\/\/mthuel-aromatherapie.fr\/index.php\/prestations\/#breadcrumb","itemListElement":[{"@type":"ListItem","position":1,"name":"Accueil","item":"http:\/\/mthuel-aromatherapie.fr\/"},{"@type":"ListItem","position":2,"name":"Mes Prestations"}]},{"@type":"WebSite","@id":"http:\/\/mthuel-aromatherapie.fr\/#website","url":"http:\/\/mthuel-aromatherapie.fr\/","name":"Marie Thuel, aromath\u00e9rapie holistique","description":"L&#039;\u00e9coute du corps, de l&#039;\u00e2me et du vivant.","potentialAction":[{"@type":"SearchAction","target":{"@type":"EntryPoint","urlTemplate":"http:\/\/mthuel-aromatherapie.fr\/?s={search_term_string}"},"query-input":{"@type":"PropertyValueSpecification","valueRequired":true,"valueName":"search_term_string"}}],"inLanguage":"fr-FR"}]}},"_links":{"self":[{"href":"https:\/\/mthuel-aromatherapie.fr\/index.php\/wp-json\/wp\/v2\/pages\/49","targetHints":{"allow":["GET"]}}],"collection":[{"href":"https:\/\/mthuel-aromatherapie.fr\/index.php\/wp-json\/wp\/v2\/pages"}],"about":[{"href":"https:\/\/mthuel-aromatherapie.fr\/index.php\/wp-json\/wp\/v2\/types\/page"}],"author":[{"embeddable":true,"href":"https:\/\/mthuel-aromatherapie.fr\/index.php\/wp-json\/wp\/v2\/users\/1"}],"replies":[{"embeddable":true,"href":"https:\/\/mthuel-aromatherapie.fr\/index.php\/wp-json\/wp\/v2\/comments?post=49"}],"version-history":[{"count":146,"href":"https:\/\/mthuel-aromatherapie.fr\/index.php\/wp-json\/wp\/v2\/pages\/49\/revisions"}],"predecessor-version":[{"id":830,"href":"https:\/\/mthuel-aromatherapie.fr\/index.php\/wp-json\/wp\/v2\/pages\/49\/revisions\/830"}],"wp:attachment":[{"href":"https:\/\/mthuel-aromatherapie.fr\/index.php\/wp-json\/wp\/v2\/media?parent=49"}],"curies":[{"name":"wp","href":"https:\/\/api.w.org\/{rel}","templated":true}]}}