{"id":53,"date":"2025-10-22T11:12:33","date_gmt":"2025-10-22T11:12:33","guid":{"rendered":"https:\/\/mthuel-aromatherapie.fr\/?page_id=53"},"modified":"2026-01-14T19:24:32","modified_gmt":"2026-01-14T19:24:32","slug":"contact","status":"publish","type":"page","link":"https:\/\/mthuel-aromatherapie.fr\/index.php\/contact\/","title":{"rendered":"Contact"},"content":{"rendered":"\n<h2 class=\"wp-block-heading has-text-align-center\">Pr\u00eat(e) \u00e0 entamer votre voyage de gu\u00e9rison ?<\/h2>\n\n\n<div class=\"wp-block-image is-style-default\">\n<figure class=\"aligncenter size-large is-resized\" style=\"margin-top:30px;margin-bottom:30px\"><img loading=\"lazy\" decoding=\"async\" width=\"768\" height=\"1024\" src=\"http:\/\/mthuel-aromatherapie.fr\/wp-content\/uploads\/marie_1-1-768x1024.webp\" alt=\"\" class=\"wp-image-468\" style=\"width:220px\" srcset=\"https:\/\/mthuel-aromatherapie.fr\/wp-content\/uploads\/marie_1-1-768x1024.webp 768w, https:\/\/mthuel-aromatherapie.fr\/wp-content\/uploads\/marie_1-1-225x300.webp 225w, https:\/\/mthuel-aromatherapie.fr\/wp-content\/uploads\/marie_1-1.webp 1000w\" sizes=\"auto, (max-width: 768px) 100vw, 768px\" \/><\/figure>\n<\/div>\n\n\n<p class=\"has-text-align-left\">Je vous invite \u00e0 prendre rendez-vous pour une consultation personnalis\u00e9e, ou \u00e0 rejoindre l&rsquo;un de mes ateliers. Les lieux de rendez-vous sont situ\u00e9s dans l&rsquo;agglom\u00e9ration de Clermont-Ferrand, mais peuvent varier selon les disponibilit\u00e9s :<\/p>\n\n\n\n<ul class=\"wp-block-list\">\n<li><strong>Cabinet priv\u00e9 \u00e0 Beaumont<\/strong> (3 km de Clermont-Ferrand)<\/li>\n\n\n\n<li><strong>Espace Vitalvie \u00e0 Aubi\u00e8re<\/strong> (6 km de Clermont-Ferrand)<\/li>\n\n\n\n<li><strong>Espace Vitalvie \u00e0 Fontgi\u00e8ve<\/strong> (centre ville de Clermont-Ferrand)<\/li>\n<\/ul>\n\n\n\n<p class=\"has-text-align-left\">Je peux \u00e9galement me d\u00e9placer \u00e0 domicile selon le contexte, avec engagement de frais kilom\u00e9triques selon la distance.<\/p>\n\n\n\n<p class=\"has-text-align-left\">Ensemble, nous allons cultiver la gu\u00e9rison, l\u2019harmonie et la joie de vivre au c\u0153ur de votre \u00eatre.<\/p>\n\n\n\n<div class=\"wp-block-columns alignfull has-text-color has-background is-layout-flex wp-container-core-columns-is-layout-28f84493 wp-block-columns-is-layout-flex\" style=\"color:#000000;background-color:#ffffff\">\n<div class=\"wp-block-column has-background is-layout-flow wp-block-column-is-layout-flow\" style=\"background-color:#edd8ed\">\n<div style=\"height:20px\" aria-hidden=\"true\" class=\"wp-block-spacer\"><\/div>\n\n\n\n<h2 class=\"wp-block-heading has-text-align-center\" style=\"font-size:24px;line-height:1.3\">Par t\u00e9l\u00e9phone<\/h2>\n\n\n<div class=\"wp-block-image\">\n<figure class=\"aligncenter size-full is-resized\"><img loading=\"lazy\" decoding=\"async\" width=\"526\" height=\"464\" src=\"http:\/\/mthuel-aromatherapie.fr\/wp-content\/uploads\/telephone.webp\" alt=\"\" class=\"wp-image-512\" style=\"width:125px;height:auto\" srcset=\"https:\/\/mthuel-aromatherapie.fr\/wp-content\/uploads\/telephone.webp 526w, https:\/\/mthuel-aromatherapie.fr\/wp-content\/uploads\/telephone-300x265.webp 300w\" sizes=\"auto, (max-width: 526px) 100vw, 526px\" \/><\/figure>\n<\/div>\n\n\n<p class=\"has-text-align-center\" style=\"font-size:1.5em\"><mark style=\"background-color:rgba(0, 0, 0, 0);color:#631863\" class=\"has-inline-color\"><strong>07 62 19 55 87<\/strong><\/mark><\/p>\n\n\n\n<div style=\"height:20px\" aria-hidden=\"true\" class=\"wp-block-spacer\"><\/div>\n<\/div>\n\n\n\n<div class=\"wp-block-column has-background is-layout-flow wp-block-column-is-layout-flow\" style=\"background-color:#edd8ed\">\n<div style=\"height:20px\" aria-hidden=\"true\" class=\"wp-block-spacer\"><\/div>\n\n\n\n<h2 class=\"wp-block-heading has-text-align-center\" style=\"font-size:24px;line-height:1.3\">Par email<\/h2>\n\n\n<div class=\"wp-block-image\">\n<figure class=\"aligncenter size-full is-resized\"><a href=\"mthuel.aroma@gmail.com\" target=\"_blank\" rel=\" noreferrer noopener\"><img loading=\"lazy\" decoding=\"async\" width=\"640\" height=\"505\" src=\"http:\/\/mthuel-aromatherapie.fr\/wp-content\/uploads\/enveloppe.webp\" alt=\"\" class=\"wp-image-508\" style=\"width:141px;height:auto\" srcset=\"https:\/\/mthuel-aromatherapie.fr\/wp-content\/uploads\/enveloppe.webp 640w, https:\/\/mthuel-aromatherapie.fr\/wp-content\/uploads\/enveloppe-300x237.webp 300w\" sizes=\"auto, (max-width: 640px) 100vw, 640px\" \/><\/a><\/figure>\n<\/div>\n\n\n<p class=\"has-text-align-center\" style=\"font-size:1em\"><mark style=\"background-color:rgba(0, 0, 0, 0);color:#631863\" class=\"has-inline-color\"><strong><a href=\"mailto:mthuel.aroma@gmail.com\" target=\"_blank\" rel=\"noreferrer noopener\">mthuel.aroma@gmail.com<\/a><\/strong><\/mark><\/p>\n\n\n\n<div style=\"height:20px\" aria-hidden=\"true\" class=\"wp-block-spacer\"><\/div>\n<\/div>\n<\/div>\n\n\n\n<div class=\"wp-block-columns alignfull has-text-color has-background is-layout-flex wp-container-core-columns-is-layout-28f84493 wp-block-columns-is-layout-flex\" style=\"color:#000000;background-color:#ffffff\">\n<div class=\"wp-block-column has-background is-layout-flow wp-block-column-is-layout-flow\" style=\"background-color:#c0cb607a\">\n<div style=\"height:20px\" aria-hidden=\"true\" class=\"wp-block-spacer\"><\/div>\n\n\n\n<h2 class=\"wp-block-heading has-text-align-center\" style=\"font-size:24px;line-height:1.3\"><a href=\"https:\/\/www.facebook.com\/profile.php?id=61582942705378&amp;mibextid=wwXIfr&amp;rdid=vIOPadpWOX3QbPPZ&amp;share_url=https%3A%2F%2Fwww.facebook.com%2Fshare%2F1EWcQiK8Z9%2F%3Fmibextid%3DwwXIfr#\">Facebook<\/a><\/h2>\n\n\n<div class=\"wp-block-image\">\n<figure class=\"aligncenter size-thumbnail\"><a href=\"https:\/\/www.facebook.com\/profile.php?id=61582942705378&amp;mibextid=wwXIfr&amp;rdid=vIOPadpWOX3QbPPZ&amp;share_url=https%3A%2F%2Fwww.facebook.com%2Fshare%2F1EWcQiK8Z9%2F%3Fmibextid%3DwwXIfr#\"><img loading=\"lazy\" decoding=\"async\" width=\"150\" height=\"150\" src=\"http:\/\/mthuel-aromatherapie.fr\/wp-content\/uploads\/fb_blanc-150x150.png\" alt=\"\" class=\"wp-image-885\" srcset=\"https:\/\/mthuel-aromatherapie.fr\/wp-content\/uploads\/fb_blanc-150x150.png 150w, https:\/\/mthuel-aromatherapie.fr\/wp-content\/uploads\/fb_blanc-300x300.png 300w, https:\/\/mthuel-aromatherapie.fr\/wp-content\/uploads\/fb_blanc-75x75.png 75w\" sizes=\"auto, (max-width: 150px) 100vw, 150px\" \/><\/a><\/figure>\n<\/div>\n\n\n<div style=\"height:20px\" aria-hidden=\"true\" class=\"wp-block-spacer\"><\/div>\n<\/div>\n\n\n\n<div class=\"wp-block-column has-background is-layout-flow wp-block-column-is-layout-flow\" style=\"background-color:#c0cb607a\">\n<div style=\"height:20px\" aria-hidden=\"true\" class=\"wp-block-spacer\"><\/div>\n\n\n\n<h2 class=\"wp-block-heading has-text-align-center\" style=\"font-size:24px;line-height:1.3\"><a href=\"https:\/\/www.instagram.com\/aromatherapie_holistique\/\">Instagram<\/a><\/h2>\n\n\n<div class=\"wp-block-image\">\n<figure class=\"aligncenter size-thumbnail\"><a href=\"https:\/\/www.instagram.com\/aromatherapie_holistique\/\"><img loading=\"lazy\" decoding=\"async\" width=\"150\" height=\"150\" src=\"http:\/\/mthuel-aromatherapie.fr\/wp-content\/uploads\/insta_blanc-150x150.png\" alt=\"\" class=\"wp-image-886\" srcset=\"https:\/\/mthuel-aromatherapie.fr\/wp-content\/uploads\/insta_blanc-150x150.png 150w, https:\/\/mthuel-aromatherapie.fr\/wp-content\/uploads\/insta_blanc-300x300.png 300w, https:\/\/mthuel-aromatherapie.fr\/wp-content\/uploads\/insta_blanc-75x75.png 75w\" sizes=\"auto, (max-width: 150px) 100vw, 150px\" \/><\/a><\/figure>\n<\/div>\n\n\n<div style=\"height:20px\" aria-hidden=\"true\" class=\"wp-block-spacer\"><\/div>\n<\/div>\n<\/div>\n\n\n\n<p class=\"has-text-align-center\"><em><span style=\"color: #800080;\">\u00ab La nature ne livre rien qui soit achev\u00e9, c\u2019est \u00e0 l\u2019homme d\u2019accomplir ce travail, qui porte un nom, alchimie.&nbsp;\u00bb Paracelse<\/span><\/em><\/p>\n\n\n\n<p><\/p>\n","protected":false},"excerpt":{"rendered":"<p>Pr\u00eat(e) \u00e0 entamer votre voyage de gu\u00e9rison ? Je vous invite \u00e0 prendre rendez-vous pour une consultation personnalis\u00e9e, ou \u00e0 rejoindre l&rsquo;un de mes ateliers. Les lieux de rendez-vous sont situ\u00e9s dans l&rsquo;agglom\u00e9ration de Clermont-Ferrand, mais peuvent varier selon les disponibilit\u00e9s : Je peux \u00e9galement me d\u00e9placer \u00e0 domicile selon le contexte, avec engagement de frais kilom\u00e9triques selon la distance. Ensemble, nous allons cultiver la gu\u00e9rison, l\u2019harmonie et la joie de vivre au c\u0153ur de votre \u00eatre. Par t\u00e9l\u00e9phone 07 62 19 55 87 Par email mthuel.aroma@gmail.com Facebook Instagram \u00ab La nature ne livre rien qui soit achev\u00e9, c\u2019est \u00e0 l\u2019homme d\u2019accomplir ce travail, qui porte un nom, alchimie.&nbsp;\u00bb Paracelse<\/p>\n","protected":false},"author":1,"featured_media":0,"parent":0,"menu_order":0,"comment_status":"closed","ping_status":"closed","template":"","meta":{"footnotes":""},"class_list":["post-53","page","type-page","status-publish","hentry"],"yoast_head":"<!-- This site is optimized with the Yoast SEO plugin v27.1.1 - https:\/\/yoast.com\/product\/yoast-seo-wordpress\/ -->\n<title>Contact - Marie Thuel, aromath\u00e9rapie holistique<\/title>\n<meta name=\"description\" content=\"Marie Thuel, aromath\u00e9rapie holistique Aromath\u00e9rapeute certifi\u00e9e \u00e0 Clermont-Ferrand, sp\u00e9cialis\u00e9e en accompagnement naturel par les huiles essentielles et le bien-\u00eatre global. Contactez-moi : mthuel.aroma@gmail.com\" \/>\n<meta name=\"robots\" content=\"index, follow, max-snippet:-1, max-image-preview:large, max-video-preview:-1\" \/>\n<link rel=\"canonical\" href=\"http:\/\/mthuel-aromatherapie.fr\/index.php\/contact\/\" \/>\n<meta property=\"og:locale\" content=\"fr_FR\" \/>\n<meta property=\"og:type\" content=\"article\" \/>\n<meta property=\"og:title\" content=\"Contact - Marie Thuel, aromath\u00e9rapie holistique\" \/>\n<meta property=\"og:description\" content=\"Marie Thuel, aromath\u00e9rapie holistique Aromath\u00e9rapeute certifi\u00e9e \u00e0 Clermont-Ferrand, sp\u00e9cialis\u00e9e en accompagnement naturel par les huiles essentielles et le bien-\u00eatre global. Contactez-moi : mthuel.aroma@gmail.com\" \/>\n<meta property=\"og:url\" content=\"http:\/\/mthuel-aromatherapie.fr\/index.php\/contact\/\" \/>\n<meta property=\"og:site_name\" content=\"Marie Thuel, aromath\u00e9rapie holistique\" \/>\n<meta property=\"article:modified_time\" content=\"2026-01-14T19:24:32+00:00\" \/>\n<meta property=\"og:image\" content=\"http:\/\/mthuel-aromatherapie.fr\/wp-content\/uploads\/marie_1-1-768x1024.webp\" \/>\n<meta name=\"twitter:card\" content=\"summary_large_image\" \/>\n<meta name=\"twitter:label1\" content=\"Dur\u00e9e de lecture estim\u00e9e\" \/>\n\t<meta name=\"twitter:data1\" content=\"2 minutes\" \/>\n<script type=\"application\/ld+json\" class=\"yoast-schema-graph\">{\"@context\":\"https:\/\/schema.org\",\"@graph\":[{\"@type\":\"WebPage\",\"@id\":\"http:\/\/mthuel-aromatherapie.fr\/index.php\/contact\/\",\"url\":\"http:\/\/mthuel-aromatherapie.fr\/index.php\/contact\/\",\"name\":\"Contact - Marie Thuel, aromath\u00e9rapie holistique\",\"isPartOf\":{\"@id\":\"http:\/\/mthuel-aromatherapie.fr\/#website\"},\"primaryImageOfPage\":{\"@id\":\"http:\/\/mthuel-aromatherapie.fr\/index.php\/contact\/#primaryimage\"},\"image\":{\"@id\":\"http:\/\/mthuel-aromatherapie.fr\/index.php\/contact\/#primaryimage\"},\"thumbnailUrl\":\"http:\/\/mthuel-aromatherapie.fr\/wp-content\/uploads\/marie_1-1-768x1024.webp\",\"datePublished\":\"2025-10-22T11:12:33+00:00\",\"dateModified\":\"2026-01-14T19:24:32+00:00\",\"description\":\"Marie Thuel, aromath\u00e9rapie holistique Aromath\u00e9rapeute certifi\u00e9e \u00e0 Clermont-Ferrand, sp\u00e9cialis\u00e9e en accompagnement naturel par les huiles essentielles et le bien-\u00eatre global. Contactez-moi : mthuel.aroma@gmail.com\",\"breadcrumb\":{\"@id\":\"http:\/\/mthuel-aromatherapie.fr\/index.php\/contact\/#breadcrumb\"},\"inLanguage\":\"fr-FR\",\"potentialAction\":[{\"@type\":\"ReadAction\",\"target\":[\"http:\/\/mthuel-aromatherapie.fr\/index.php\/contact\/\"]}]},{\"@type\":\"ImageObject\",\"inLanguage\":\"fr-FR\",\"@id\":\"http:\/\/mthuel-aromatherapie.fr\/index.php\/contact\/#primaryimage\",\"url\":\"https:\/\/mthuel-aromatherapie.fr\/wp-content\/uploads\/marie_1-1.webp\",\"contentUrl\":\"https:\/\/mthuel-aromatherapie.fr\/wp-content\/uploads\/marie_1-1.webp\",\"width\":1000,\"height\":1333},{\"@type\":\"BreadcrumbList\",\"@id\":\"http:\/\/mthuel-aromatherapie.fr\/index.php\/contact\/#breadcrumb\",\"itemListElement\":[{\"@type\":\"ListItem\",\"position\":1,\"name\":\"Accueil\",\"item\":\"http:\/\/mthuel-aromatherapie.fr\/\"},{\"@type\":\"ListItem\",\"position\":2,\"name\":\"Contact\"}]},{\"@type\":\"WebSite\",\"@id\":\"http:\/\/mthuel-aromatherapie.fr\/#website\",\"url\":\"http:\/\/mthuel-aromatherapie.fr\/\",\"name\":\"Marie Thuel, aromath\u00e9rapie holistique\",\"description\":\"L&#039;\u00e9coute du corps, de l&#039;\u00e2me et du vivant.\",\"potentialAction\":[{\"@type\":\"SearchAction\",\"target\":{\"@type\":\"EntryPoint\",\"urlTemplate\":\"http:\/\/mthuel-aromatherapie.fr\/?s={search_term_string}\"},\"query-input\":{\"@type\":\"PropertyValueSpecification\",\"valueRequired\":true,\"valueName\":\"search_term_string\"}}],\"inLanguage\":\"fr-FR\"}]}<\/script>\n<!-- \/ Yoast SEO plugin. -->","yoast_head_json":{"title":"Contact - Marie Thuel, aromath\u00e9rapie holistique","description":"Marie Thuel, aromath\u00e9rapie holistique Aromath\u00e9rapeute certifi\u00e9e \u00e0 Clermont-Ferrand, sp\u00e9cialis\u00e9e en accompagnement naturel par les huiles essentielles et le bien-\u00eatre global. Contactez-moi : mthuel.aroma@gmail.com","robots":{"index":"index","follow":"follow","max-snippet":"max-snippet:-1","max-image-preview":"max-image-preview:large","max-video-preview":"max-video-preview:-1"},"canonical":"http:\/\/mthuel-aromatherapie.fr\/index.php\/contact\/","og_locale":"fr_FR","og_type":"article","og_title":"Contact - Marie Thuel, aromath\u00e9rapie holistique","og_description":"Marie Thuel, aromath\u00e9rapie holistique Aromath\u00e9rapeute certifi\u00e9e \u00e0 Clermont-Ferrand, sp\u00e9cialis\u00e9e en accompagnement naturel par les huiles essentielles et le bien-\u00eatre global. Contactez-moi : mthuel.aroma@gmail.com","og_url":"http:\/\/mthuel-aromatherapie.fr\/index.php\/contact\/","og_site_name":"Marie Thuel, aromath\u00e9rapie holistique","article_modified_time":"2026-01-14T19:24:32+00:00","og_image":[{"url":"http:\/\/mthuel-aromatherapie.fr\/wp-content\/uploads\/marie_1-1-768x1024.webp","type":"","width":"","height":""}],"twitter_card":"summary_large_image","twitter_misc":{"Dur\u00e9e de lecture estim\u00e9e":"2 minutes"},"schema":{"@context":"https:\/\/schema.org","@graph":[{"@type":"WebPage","@id":"http:\/\/mthuel-aromatherapie.fr\/index.php\/contact\/","url":"http:\/\/mthuel-aromatherapie.fr\/index.php\/contact\/","name":"Contact - Marie Thuel, aromath\u00e9rapie holistique","isPartOf":{"@id":"http:\/\/mthuel-aromatherapie.fr\/#website"},"primaryImageOfPage":{"@id":"http:\/\/mthuel-aromatherapie.fr\/index.php\/contact\/#primaryimage"},"image":{"@id":"http:\/\/mthuel-aromatherapie.fr\/index.php\/contact\/#primaryimage"},"thumbnailUrl":"http:\/\/mthuel-aromatherapie.fr\/wp-content\/uploads\/marie_1-1-768x1024.webp","datePublished":"2025-10-22T11:12:33+00:00","dateModified":"2026-01-14T19:24:32+00:00","description":"Marie Thuel, aromath\u00e9rapie holistique Aromath\u00e9rapeute certifi\u00e9e \u00e0 Clermont-Ferrand, sp\u00e9cialis\u00e9e en accompagnement naturel par les huiles essentielles et le bien-\u00eatre global. Contactez-moi : mthuel.aroma@gmail.com","breadcrumb":{"@id":"http:\/\/mthuel-aromatherapie.fr\/index.php\/contact\/#breadcrumb"},"inLanguage":"fr-FR","potentialAction":[{"@type":"ReadAction","target":["http:\/\/mthuel-aromatherapie.fr\/index.php\/contact\/"]}]},{"@type":"ImageObject","inLanguage":"fr-FR","@id":"http:\/\/mthuel-aromatherapie.fr\/index.php\/contact\/#primaryimage","url":"https:\/\/mthuel-aromatherapie.fr\/wp-content\/uploads\/marie_1-1.webp","contentUrl":"https:\/\/mthuel-aromatherapie.fr\/wp-content\/uploads\/marie_1-1.webp","width":1000,"height":1333},{"@type":"BreadcrumbList","@id":"http:\/\/mthuel-aromatherapie.fr\/index.php\/contact\/#breadcrumb","itemListElement":[{"@type":"ListItem","position":1,"name":"Accueil","item":"http:\/\/mthuel-aromatherapie.fr\/"},{"@type":"ListItem","position":2,"name":"Contact"}]},{"@type":"WebSite","@id":"http:\/\/mthuel-aromatherapie.fr\/#website","url":"http:\/\/mthuel-aromatherapie.fr\/","name":"Marie Thuel, aromath\u00e9rapie holistique","description":"L&#039;\u00e9coute du corps, de l&#039;\u00e2me et du vivant.","potentialAction":[{"@type":"SearchAction","target":{"@type":"EntryPoint","urlTemplate":"http:\/\/mthuel-aromatherapie.fr\/?s={search_term_string}"},"query-input":{"@type":"PropertyValueSpecification","valueRequired":true,"valueName":"search_term_string"}}],"inLanguage":"fr-FR"}]}},"_links":{"self":[{"href":"https:\/\/mthuel-aromatherapie.fr\/index.php\/wp-json\/wp\/v2\/pages\/53","targetHints":{"allow":["GET"]}}],"collection":[{"href":"https:\/\/mthuel-aromatherapie.fr\/index.php\/wp-json\/wp\/v2\/pages"}],"about":[{"href":"https:\/\/mthuel-aromatherapie.fr\/index.php\/wp-json\/wp\/v2\/types\/page"}],"author":[{"embeddable":true,"href":"https:\/\/mthuel-aromatherapie.fr\/index.php\/wp-json\/wp\/v2\/users\/1"}],"replies":[{"embeddable":true,"href":"https:\/\/mthuel-aromatherapie.fr\/index.php\/wp-json\/wp\/v2\/comments?post=53"}],"version-history":[{"count":57,"href":"https:\/\/mthuel-aromatherapie.fr\/index.php\/wp-json\/wp\/v2\/pages\/53\/revisions"}],"predecessor-version":[{"id":900,"href":"https:\/\/mthuel-aromatherapie.fr\/index.php\/wp-json\/wp\/v2\/pages\/53\/revisions\/900"}],"wp:attachment":[{"href":"https:\/\/mthuel-aromatherapie.fr\/index.php\/wp-json\/wp\/v2\/media?parent=53"}],"curies":[{"name":"wp","href":"https:\/\/api.w.org\/{rel}","templated":true}]}}